{"id":2347,"date":"2025-05-10T11:29:13","date_gmt":"2025-05-10T09:29:13","guid":{"rendered":"https:\/\/fornbiargi.se\/?post_type=product&#038;p=2347"},"modified":"2026-04-03T17:30:17","modified_gmt":"2026-04-03T15:30:17","slug":"fornbiargi-ladersmorning-med-tjara-ny","status":"publish","type":"product","link":"https:\/\/fornbiargi.se\/en\/product\/fornbiargi-ladersmorning-med-tjara-ny\/","title":{"rendered":"Fornbiargi leather balm with tar (NEW!)"},"content":{"rendered":"<p><em>Updated recipe of the classic! Now it contains, instead of birch tar, valley-burnt tar from pine stumps.<\/em> Valley-burnt tar has a consistent and high quality, and is manufactured in a traditional way.<\/p>\n<p>Our own leather balm that is made from scratch here in the studio.<\/p>\n<p>After years of leather balm development, this product has finally received its current formula. It has the best blend of animal and vegetable ingredients.<\/p>\n<p>Can darken leather slightly and give it a lovely tar scent; however, the tar scent disappears after a while.<\/p>\n<p>Leather balm with tar is good for leather that is exposed to the weather, such as shoes. For leather where you want a more neutral scent, our leather balm with citrus scent is recommended instead.<\/p>\n<p>Available in a 60 ml can for the normal user and a 100 ml can for those who use leather balm often, or share it with the family.<\/p>\n<p><em>For businesses wishing to become retailers of this product; go to the contact form and announce your interest.<\/em><\/p>\n<p>&nbsp;<\/p>\n<p><em>EN: Fornbiargi leather balm with tar<\/em><\/p>","protected":false},"excerpt":{"rendered":"<p>Uppdaterat recept av klassikern! Nu inneh\u00e5ller den, ist\u00e4llet f\u00f6r n\u00e4vertj\u00e4ra, dalbr\u00e4nd tj\u00e4ra av furustubbar. Dalbr\u00e4nd tj\u00e4ra har en j\u00e4mn och h\u00f6g kvalitet, samt tillverkas p\u00e5 ett hantverksm\u00e4ssigt s\u00e4tt. V\u00e5r egna l\u00e4dersmorning som tillverkas fr\u00e5n grunden h\u00e4r i atelj\u00e9n. Efter \u00e5r av framtagning av l\u00e4dersmorning, har denna produkt \u00e4ntligen f\u00e5tt sin nuvarande formula. Den har den [&#8230;]\n","protected":false},"featured_media":2796,"comment_status":"closed","ping_status":"closed","template":"","meta":[],"product_brand":[],"product_cat":[117],"product_tag":[],"class_list":{"0":"post-2347","1":"product","2":"type-product","3":"status-publish","4":"has-post-thumbnail","6":"product_cat-leather-balm","8":"first","9":"instock","10":"featured","11":"taxable","12":"shipping-taxable","13":"purchasable","14":"product-type-variable"},"jetpack_sharing_enabled":true,"_links":{"self":[{"href":"https:\/\/fornbiargi.se\/en\/wp-json\/wp\/v2\/product\/2347","targetHints":{"allow":["GET"]}}],"collection":[{"href":"https:\/\/fornbiargi.se\/en\/wp-json\/wp\/v2\/product"}],"about":[{"href":"https:\/\/fornbiargi.se\/en\/wp-json\/wp\/v2\/types\/product"}],"replies":[{"embeddable":true,"href":"https:\/\/fornbiargi.se\/en\/wp-json\/wp\/v2\/comments?post=2347"}],"wp:featuredmedia":[{"embeddable":true,"href":"https:\/\/fornbiargi.se\/en\/wp-json\/wp\/v2\/media\/2796"}],"wp:attachment":[{"href":"https:\/\/fornbiargi.se\/en\/wp-json\/wp\/v2\/media?parent=2347"}],"wp:term":[{"taxonomy":"product_brand","embeddable":true,"href":"https:\/\/fornbiargi.se\/en\/wp-json\/wp\/v2\/product_brand?post=2347"},{"taxonomy":"product_cat","embeddable":true,"href":"https:\/\/fornbiargi.se\/en\/wp-json\/wp\/v2\/product_cat?post=2347"},{"taxonomy":"product_tag","embeddable":true,"href":"https:\/\/fornbiargi.se\/en\/wp-json\/wp\/v2\/product_tag?post=2347"}],"curies":[{"name":"wp","href":"https:\/\/api.w.org\/{rel}","templated":true}]}}