{"id":2315,"date":"2025-01-02T21:23:55","date_gmt":"2025-01-02T20:23:55","guid":{"rendered":"https:\/\/fornbiargi.se\/?post_type=product&#038;p=2315"},"modified":"2026-04-03T19:10:56","modified_gmt":"2026-04-03T17:10:56","slug":"halpuns-utan-handtag","status":"publish","type":"product","link":"https:\/\/fornbiargi.se\/en\/product\/halpuns-utan-handtag\/","title":{"rendered":"Hole punch without handle"},"content":{"rendered":"<p>Detachable hole punch for round holes. Please note that they do not come with the handle or other accessories included with the set sold <span class=\"fancy-underline\"><a href=\"https:\/\/fornbiargi.se\/en\/product\/halpunsar-med-handtag-set\/\">here<\/a>.<\/span><\/p>\n<p>Very sharp; passes easily through heavy leather.<\/p>\n<p>Sold individually.<\/p>\n<p>&nbsp;<\/p>\n<p><em>EN: hole punch without handle<\/em><\/p>","protected":false},"excerpt":{"rendered":"<p>L\u00f6stagbar h\u00e5lpuns f\u00f6r runda h\u00e5l. Observera att de ej kommer med handtaget eller det andra som medf\u00f6ljer det set som s\u00e4ljs h\u00e4r. Mycket vass; g\u00e5r l\u00e4tt igenom kraftigt l\u00e4der. S\u00e4ljes styckvis. &nbsp; EN: hole punch without handle<\/p>","protected":false},"featured_media":2557,"comment_status":"closed","ping_status":"closed","template":"","meta":[],"product_brand":[],"product_cat":[84],"product_tag":[],"class_list":{"0":"post-2315","1":"product","2":"type-product","3":"status-publish","4":"has-post-thumbnail","6":"product_cat-hole-tools","8":"first","9":"instock","10":"taxable","11":"shipping-taxable","12":"purchasable","13":"product-type-variable"},"jetpack_sharing_enabled":true,"_links":{"self":[{"href":"https:\/\/fornbiargi.se\/en\/wp-json\/wp\/v2\/product\/2315","targetHints":{"allow":["GET"]}}],"collection":[{"href":"https:\/\/fornbiargi.se\/en\/wp-json\/wp\/v2\/product"}],"about":[{"href":"https:\/\/fornbiargi.se\/en\/wp-json\/wp\/v2\/types\/product"}],"replies":[{"embeddable":true,"href":"https:\/\/fornbiargi.se\/en\/wp-json\/wp\/v2\/comments?post=2315"}],"wp:featuredmedia":[{"embeddable":true,"href":"https:\/\/fornbiargi.se\/en\/wp-json\/wp\/v2\/media\/2557"}],"wp:attachment":[{"href":"https:\/\/fornbiargi.se\/en\/wp-json\/wp\/v2\/media?parent=2315"}],"wp:term":[{"taxonomy":"product_brand","embeddable":true,"href":"https:\/\/fornbiargi.se\/en\/wp-json\/wp\/v2\/product_brand?post=2315"},{"taxonomy":"product_cat","embeddable":true,"href":"https:\/\/fornbiargi.se\/en\/wp-json\/wp\/v2\/product_cat?post=2315"},{"taxonomy":"product_tag","embeddable":true,"href":"https:\/\/fornbiargi.se\/en\/wp-json\/wp\/v2\/product_tag?post=2315"}],"curies":[{"name":"wp","href":"https:\/\/api.w.org\/{rel}","templated":true}]}}