{"id":2286,"date":"2024-12-29T18:38:23","date_gmt":"2024-12-29T17:38:23","guid":{"rendered":"https:\/\/fornbiargi.se\/?post_type=product&#038;p=2286"},"modified":"2026-04-03T19:12:31","modified_gmt":"2026-04-03T17:12:31","slug":"lader-i-begransad-upplaga","status":"publish","type":"product","link":"https:\/\/fornbiargi.se\/en\/product\/lader-i-begransad-upplaga\/","title":{"rendered":"Leather; limited edition"},"content":{"rendered":"<p>Leather with different measurements from different parts of cow hides. The range is constantly changing. Read the full text!<\/p>\n<p>Vegetable tanned (bark) Swedish quality leather, with varying measurements as below; the dimensions are approximate and often the hides are larger than that:<\/p>\n<p>#1 Brown. 80 cm x 70 cm. 3 \u2013 3.5 mm thick.<\/p>\n<p>#2 Dark brown. 77 cm x 47 cm. 3 \u2013 3.5 mm thick.<\/p>\n<p>#5 Dark brown. 180 cm x 50 cm. 3 \u2013 3.5 mm thick.<\/p>\n<p>#6 Dark brown. 100 cm x 40 (up to 65) cm. 3 \u2013 3.5 mm thick.<\/p>\n<p>#7 Red-brown. 60 cm x 40 cm. 3 \u2013 3.5 mm thick.<\/p>\n<p>#8 Red-brown. 80 cm x 50 (up to 75) cm. 1.1-1.3 mm thick.<\/p>\n<p>#9 Dark brown. 60 cm x 50 cm. 3 \u2013 3.5 mm thick.<\/p>\n<p>#10 Black. 115 cm x 45 (up to 80) cm. 2.0-2.5 mm thick.<\/p>\n<p>#11 Black. 85 cm x 50 (up to 75) cm. 2.0-2.5 mm thick.<\/p>\n<p>Note that each leather has unique measurements and colour. The pictures should give an indication of how the leather looks, but different screens may show different shades. Also note that the leather can come from different parts of a hide, and there can also be occasional damages, scratches or discolouration.<\/p>\n<p>These leathers are sold at an extra favourable price and each leather is unique.<\/p>\n<p>&nbsp;<\/p>\n<p><em>EN: leather; limited edition<\/em><\/p>","protected":false},"excerpt":{"rendered":"<p>L\u00e4der med olika m\u00e5tt fr\u00e5n olika delar av n\u00f6thudar. Utbudet f\u00f6r\u00e4ndras st\u00e4ndigt. L\u00e4s hela texten! Vegetabiliskt garvade (bark) svenska kvalitetsl\u00e4der, med varierande m\u00e5tt enligt nedan; m\u00e5tten \u00e4r ungef\u00e4rliga och ofta \u00e4r l\u00e4dren st\u00f6rre \u00e4n s\u00e5: #1 Brun. 80 cm x 70 cm. 3 &#8211; 3,5 mm tjock. #2 M\u00f6rkbrun. 77 cm x 47 cm. 3 [&#8230;]\n","protected":false},"featured_media":2432,"comment_status":"closed","ping_status":"closed","template":"","meta":[],"product_brand":[],"product_cat":[58,140],"product_tag":[],"class_list":{"0":"post-2286","1":"product","2":"type-product","3":"status-publish","4":"has-post-thumbnail","6":"product_cat-heavy-leather","7":"product_cat-sale","8":"product_shipping_class-skrymmande","10":"first","11":"instock","12":"sale","13":"featured","14":"taxable","15":"shipping-taxable","16":"purchasable","17":"product-type-variable"},"jetpack_sharing_enabled":true,"_links":{"self":[{"href":"https:\/\/fornbiargi.se\/en\/wp-json\/wp\/v2\/product\/2286","targetHints":{"allow":["GET"]}}],"collection":[{"href":"https:\/\/fornbiargi.se\/en\/wp-json\/wp\/v2\/product"}],"about":[{"href":"https:\/\/fornbiargi.se\/en\/wp-json\/wp\/v2\/types\/product"}],"replies":[{"embeddable":true,"href":"https:\/\/fornbiargi.se\/en\/wp-json\/wp\/v2\/comments?post=2286"}],"wp:featuredmedia":[{"embeddable":true,"href":"https:\/\/fornbiargi.se\/en\/wp-json\/wp\/v2\/media\/2432"}],"wp:attachment":[{"href":"https:\/\/fornbiargi.se\/en\/wp-json\/wp\/v2\/media?parent=2286"}],"wp:term":[{"taxonomy":"product_brand","embeddable":true,"href":"https:\/\/fornbiargi.se\/en\/wp-json\/wp\/v2\/product_brand?post=2286"},{"taxonomy":"product_cat","embeddable":true,"href":"https:\/\/fornbiargi.se\/en\/wp-json\/wp\/v2\/product_cat?post=2286"},{"taxonomy":"product_tag","embeddable":true,"href":"https:\/\/fornbiargi.se\/en\/wp-json\/wp\/v2\/product_tag?post=2286"}],"curies":[{"name":"wp","href":"https:\/\/api.w.org\/{rel}","templated":true}]}}