{"id":2269,"date":"2024-12-15T21:31:39","date_gmt":"2024-12-15T20:31:39","guid":{"rendered":"https:\/\/fornbiargi.se\/?post_type=product&#038;p=2269"},"modified":"2026-04-12T20:24:34","modified_gmt":"2026-04-12T18:24:34","slug":"massingsnit-med-bricka-10-pack","status":"publish","type":"product","link":"https:\/\/fornbiargi.se\/en\/product\/massingsnit-med-bricka-10-pack\/","title":{"rendered":"Brass rivet with washer, pack of 10"},"content":{"rendered":"<p>Brass rivet with washer.<\/p>\n<p>Solid brass.<\/p>\n<p>Used together with a rivet setter, for example <span class=\"fancy-underline\"><a href=\"https:\/\/fornbiargi.se\/en\/product\/nitverktyg\/\"><em>this<\/em><\/a>.<\/span><\/p>\n<p>Available in two sizes; #9 and #12<\/p>\n<p>#9 is 4 mm in diameter and #12 is 3.5 mm in diameter, which also determines the size of the hole in the leather.<\/p>\n<p>Length is about 18 mm below the head.<\/p>\n<p>Please note that the rivets are sold in packs of 10! If you order 1 piece, that means 10 rivets with associated washers.<\/p>\n<p>&nbsp;<\/p>\n<p><em>EN: brass rivet with washer<\/em><\/p>","protected":false},"excerpt":{"rendered":"<p>M\u00e4ssingsnit med bricka. Solid m\u00e4ssing. Anv\u00e4nds tillsammans med ett nitverktyg, exempelvis denna. Finns i tv\u00e5 storlekar; #9 och #12 #9 \u00e4r 4 mm i diameter och #12 \u00e4r 3,5 mm i diameter, vilket allts\u00e5 \u00e4ven avg\u00f6r storleken p\u00e5 h\u00e5let i l\u00e4dret. L\u00e4ngd \u00e4r ca 18 mm under skallen. Observera att nitarna s\u00e4ljes i 10-pack! Best\u00e4ller [&#8230;]\n","protected":false},"featured_media":2713,"comment_status":"closed","ping_status":"closed","template":"","meta":[],"product_brand":[],"product_cat":[88],"product_tag":[],"class_list":{"0":"post-2269","1":"product","2":"type-product","3":"status-publish","4":"has-post-thumbnail","6":"product_cat-fasteners","8":"first","9":"instock","10":"taxable","11":"shipping-taxable","12":"purchasable","13":"product-type-variable"},"jetpack_sharing_enabled":true,"_links":{"self":[{"href":"https:\/\/fornbiargi.se\/en\/wp-json\/wp\/v2\/product\/2269","targetHints":{"allow":["GET"]}}],"collection":[{"href":"https:\/\/fornbiargi.se\/en\/wp-json\/wp\/v2\/product"}],"about":[{"href":"https:\/\/fornbiargi.se\/en\/wp-json\/wp\/v2\/types\/product"}],"replies":[{"embeddable":true,"href":"https:\/\/fornbiargi.se\/en\/wp-json\/wp\/v2\/comments?post=2269"}],"wp:featuredmedia":[{"embeddable":true,"href":"https:\/\/fornbiargi.se\/en\/wp-json\/wp\/v2\/media\/2713"}],"wp:attachment":[{"href":"https:\/\/fornbiargi.se\/en\/wp-json\/wp\/v2\/media?parent=2269"}],"wp:term":[{"taxonomy":"product_brand","embeddable":true,"href":"https:\/\/fornbiargi.se\/en\/wp-json\/wp\/v2\/product_brand?post=2269"},{"taxonomy":"product_cat","embeddable":true,"href":"https:\/\/fornbiargi.se\/en\/wp-json\/wp\/v2\/product_cat?post=2269"},{"taxonomy":"product_tag","embeddable":true,"href":"https:\/\/fornbiargi.se\/en\/wp-json\/wp\/v2\/product_tag?post=2269"}],"curies":[{"name":"wp","href":"https:\/\/api.w.org\/{rel}","templated":true}]}}