{"id":2248,"date":"2024-12-15T18:36:09","date_gmt":"2024-12-15T17:36:09","guid":{"rendered":"https:\/\/fornbiargi.se\/?post_type=product&#038;p=2248"},"modified":"2026-04-12T20:24:33","modified_gmt":"2026-04-12T18:24:33","slug":"nitverktyg","status":"publish","type":"product","link":"https:\/\/fornbiargi.se\/en\/product\/nitverktyg\/","title":{"rendered":"Rivet setter"},"content":{"rendered":"<p>High quality rivet setter in heat-treated steel.<\/p>\n<p>Used to set copper rivets and brass rivets.<\/p>\n<p>Available in two sizes; #9 or #12. Select the same tool as size of rivet.<\/p>\n<p>Only used with striking tool without a metal striking surface.<\/p>\n<p>Oil it in case of long-term storage.<\/p>\n<p>&nbsp;<\/p>\n<p><em>EN: rivet setter<\/em><\/p>","protected":false},"excerpt":{"rendered":"<p>Nitverktyg av h\u00f6g kvalitet i h\u00e4rdat st\u00e5l. Anv\u00e4nds f\u00f6r att montera kopparnitar och m\u00e4ssingsnitar. Finns i tv\u00e5 storlekar; #9 eller #12. V\u00e4lj samma verktyg som storlek p\u00e5 nitar. Anv\u00e4nds endast med slagverktyg utan slagyta av metall. Olja in den vid l\u00e5ngvarig f\u00f6rvaring. &nbsp; EN: rivet setter<\/p>","protected":false},"featured_media":2625,"comment_status":"closed","ping_status":"closed","template":"","meta":[],"product_brand":[],"product_cat":[85],"product_tag":[],"class_list":{"0":"post-2248","1":"product","2":"type-product","3":"status-publish","4":"has-post-thumbnail","6":"product_cat-other-tools","8":"first","9":"instock","10":"taxable","11":"shipping-taxable","12":"purchasable","13":"product-type-variable"},"jetpack_sharing_enabled":true,"_links":{"self":[{"href":"https:\/\/fornbiargi.se\/en\/wp-json\/wp\/v2\/product\/2248","targetHints":{"allow":["GET"]}}],"collection":[{"href":"https:\/\/fornbiargi.se\/en\/wp-json\/wp\/v2\/product"}],"about":[{"href":"https:\/\/fornbiargi.se\/en\/wp-json\/wp\/v2\/types\/product"}],"replies":[{"embeddable":true,"href":"https:\/\/fornbiargi.se\/en\/wp-json\/wp\/v2\/comments?post=2248"}],"wp:featuredmedia":[{"embeddable":true,"href":"https:\/\/fornbiargi.se\/en\/wp-json\/wp\/v2\/media\/2625"}],"wp:attachment":[{"href":"https:\/\/fornbiargi.se\/en\/wp-json\/wp\/v2\/media?parent=2248"}],"wp:term":[{"taxonomy":"product_brand","embeddable":true,"href":"https:\/\/fornbiargi.se\/en\/wp-json\/wp\/v2\/product_brand?post=2248"},{"taxonomy":"product_cat","embeddable":true,"href":"https:\/\/fornbiargi.se\/en\/wp-json\/wp\/v2\/product_cat?post=2248"},{"taxonomy":"product_tag","embeddable":true,"href":"https:\/\/fornbiargi.se\/en\/wp-json\/wp\/v2\/product_tag?post=2248"}],"curies":[{"name":"wp","href":"https:\/\/api.w.org\/{rel}","templated":true}]}}