{"id":2238,"date":"2024-12-14T19:53:29","date_gmt":"2024-12-14T18:53:29","guid":{"rendered":"https:\/\/fornbiargi.se\/?post_type=product&#038;p=2238"},"modified":"2026-04-03T19:15:55","modified_gmt":"2026-04-03T17:15:55","slug":"syl-rund","status":"publish","type":"product","link":"https:\/\/fornbiargi.se\/en\/product\/syl-rund\/","title":{"rendered":"Awl, round"},"content":{"rendered":"<p>Round awl with drop-shaped wooden handle.<\/p>\n<p>Used as a scratch awl for marking leather, alternatively to create round holes (approx. 2.5 mm).<\/p>\n<p>The awl is small so it fits well in the hand with the index finger on the awl tip for good control. The handle is carefully polished and oiled for durability.<\/p>\n<p>Use a strop to regain sharpness after prolonged use.<\/p>\n<p>Total length 10 cm.<\/p>\n<p>&nbsp;<\/p>\n<p><em>EN: awl, round<\/em><\/p>","protected":false},"excerpt":{"rendered":"<p>Rund syl med droppformat tr\u00e4handtag. Anv\u00e4nds som markeringssyl p\u00e5 l\u00e4der, alternativt f\u00f6r att skapa runda h\u00e5l (ca 2,5 mm). Sylen \u00e4r liten s\u00e5 den passar bra att h\u00e5lla inuti handen med pekfingret p\u00e5 sylspetsen f\u00f6r bra kontroll. Handtaget \u00e4r varsamt polerat och inoljat f\u00f6r h\u00e5llbarhet. Anv\u00e4nd strigel f\u00f6r att \u00e5terf\u00e5 sk\u00e4rpan efter l\u00e5ngvarig anv\u00e4ndning. Total [&#8230;]\n","protected":false},"featured_media":2567,"comment_status":"closed","ping_status":"closed","template":"","meta":[],"product_brand":[],"product_cat":[84],"product_tag":[],"class_list":{"0":"post-2238","1":"product","2":"type-product","3":"status-publish","4":"has-post-thumbnail","6":"product_cat-hole-tools","8":"first","9":"instock","10":"taxable","11":"shipping-taxable","12":"purchasable","13":"product-type-simple"},"jetpack_sharing_enabled":true,"_links":{"self":[{"href":"https:\/\/fornbiargi.se\/en\/wp-json\/wp\/v2\/product\/2238","targetHints":{"allow":["GET"]}}],"collection":[{"href":"https:\/\/fornbiargi.se\/en\/wp-json\/wp\/v2\/product"}],"about":[{"href":"https:\/\/fornbiargi.se\/en\/wp-json\/wp\/v2\/types\/product"}],"replies":[{"embeddable":true,"href":"https:\/\/fornbiargi.se\/en\/wp-json\/wp\/v2\/comments?post=2238"}],"wp:featuredmedia":[{"embeddable":true,"href":"https:\/\/fornbiargi.se\/en\/wp-json\/wp\/v2\/media\/2567"}],"wp:attachment":[{"href":"https:\/\/fornbiargi.se\/en\/wp-json\/wp\/v2\/media?parent=2238"}],"wp:term":[{"taxonomy":"product_brand","embeddable":true,"href":"https:\/\/fornbiargi.se\/en\/wp-json\/wp\/v2\/product_brand?post=2238"},{"taxonomy":"product_cat","embeddable":true,"href":"https:\/\/fornbiargi.se\/en\/wp-json\/wp\/v2\/product_cat?post=2238"},{"taxonomy":"product_tag","embeddable":true,"href":"https:\/\/fornbiargi.se\/en\/wp-json\/wp\/v2\/product_tag?post=2238"}],"curies":[{"name":"wp","href":"https:\/\/api.w.org\/{rel}","templated":true}]}}