{"id":1759,"date":"2024-10-13T21:22:23","date_gmt":"2024-10-13T19:22:23","guid":{"rendered":"https:\/\/fornbiargi.se\/?post_type=product&#038;p=1759"},"modified":"2026-04-03T19:18:38","modified_gmt":"2026-04-03T17:18:38","slug":"extrablad-for-precisionskniv","status":"publish","type":"product","link":"https:\/\/fornbiargi.se\/en\/product\/extrablad-for-precisionskniv\/","title":{"rendered":"Spare blade for precision knife"},"content":{"rendered":"<p>1 spare blade for precision knife <span class=\"fancy-underline\"><a href=\"https:\/\/fornbiargi.se\/en\/product\/precisionskniv\/\">2011750<\/a><\/span>.<\/p>\n<p>(Please note that the picture shows a blade attached to the knife handle. This item is the knife blade without the knife handle.)<\/p>\n<p>&nbsp;<\/p>\n<p><em>EN: spare blade for precision knife<\/em><\/p>","protected":false},"excerpt":{"rendered":"<p>1 extrablad till precisionskniv 2011750. (Observera att bilden visar ett blad som \u00e4r fastsatt i sj\u00e4lva knivskaftet. Den h\u00e4r varan \u00e4r endast knivbladet utan knivskaft.) &nbsp; EN: spare blade for precision knife<\/p>","protected":false},"featured_media":2521,"comment_status":"closed","ping_status":"closed","template":"","meta":[],"product_brand":[],"product_cat":[24],"product_tag":[],"class_list":{"0":"post-1759","1":"product","2":"type-product","3":"status-publish","4":"has-post-thumbnail","6":"product_cat-cutting","8":"first","9":"instock","10":"taxable","11":"shipping-taxable","12":"purchasable","13":"product-type-simple"},"jetpack_sharing_enabled":true,"_links":{"self":[{"href":"https:\/\/fornbiargi.se\/en\/wp-json\/wp\/v2\/product\/1759","targetHints":{"allow":["GET"]}}],"collection":[{"href":"https:\/\/fornbiargi.se\/en\/wp-json\/wp\/v2\/product"}],"about":[{"href":"https:\/\/fornbiargi.se\/en\/wp-json\/wp\/v2\/types\/product"}],"replies":[{"embeddable":true,"href":"https:\/\/fornbiargi.se\/en\/wp-json\/wp\/v2\/comments?post=1759"}],"wp:featuredmedia":[{"embeddable":true,"href":"https:\/\/fornbiargi.se\/en\/wp-json\/wp\/v2\/media\/2521"}],"wp:attachment":[{"href":"https:\/\/fornbiargi.se\/en\/wp-json\/wp\/v2\/media?parent=1759"}],"wp:term":[{"taxonomy":"product_brand","embeddable":true,"href":"https:\/\/fornbiargi.se\/en\/wp-json\/wp\/v2\/product_brand?post=1759"},{"taxonomy":"product_cat","embeddable":true,"href":"https:\/\/fornbiargi.se\/en\/wp-json\/wp\/v2\/product_cat?post=1759"},{"taxonomy":"product_tag","embeddable":true,"href":"https:\/\/fornbiargi.se\/en\/wp-json\/wp\/v2\/product_tag?post=1759"}],"curies":[{"name":"wp","href":"https:\/\/api.w.org\/{rel}","templated":true}]}}