{"id":1750,"date":"2024-10-13T18:45:03","date_gmt":"2024-10-13T16:45:03","guid":{"rendered":"https:\/\/fornbiargi.se\/?post_type=product&#038;p=1750"},"modified":"2026-04-03T19:20:15","modified_gmt":"2026-04-03T17:20:15","slug":"precisionskniv","status":"publish","type":"product","link":"https:\/\/fornbiargi.se\/en\/product\/precisionskniv\/","title":{"rendered":"Precision knife"},"content":{"rendered":"<p>Precision knife for cutting thinner leather. Handle in cocobolo with brass full tang. The blade can be replaced. (The blade is ground on one side.)<\/p>\n<p>New blades available <a href=\"https:\/\/fornbiargi.se\/en\/product\/extrablad-for-precisionskniv\/\"><span class=\"fancy-underline\">here<\/span><\/a> in the shop.<\/p>\n<p>KemovanCraft.<\/p>\n<p>&nbsp;<\/p>\n<p>The dimensions and weight are approximate. Length is including the blade.<\/p>\n<p>18 x 1.15 x 0.95 cm. 66 grams.<\/p>\n<p>&nbsp;<\/p>\n<p><em>EN: precision knife<\/em><\/p>","protected":false},"excerpt":{"rendered":"<p>Precisionskniv f\u00f6r att sk\u00e4ra i tunnare l\u00e4der. Handtag i cocobolo med fullt\u00e5nge i m\u00e4ssing. Bladet g\u00e5r att byta ut. (Bladet \u00e4r slipat p\u00e5 en sida.) Nya blad finns att k\u00f6pa h\u00e4r i butiken. KemovanCraft. &nbsp; M\u00e5tten och vikten \u00e4r ungef\u00e4rliga. L\u00e4ngden inkluderar bladet. 18 x 1.15 x 0.95 cm. 66 gram. &nbsp; EN: precision knife<\/p>","protected":false},"featured_media":2523,"comment_status":"closed","ping_status":"closed","template":"","meta":[],"product_brand":[],"product_cat":[24],"product_tag":[],"class_list":{"0":"post-1750","1":"product","2":"type-product","3":"status-publish","4":"has-post-thumbnail","6":"product_cat-cutting","8":"first","9":"instock","10":"taxable","11":"shipping-taxable","12":"purchasable","13":"product-type-simple"},"jetpack_sharing_enabled":true,"_links":{"self":[{"href":"https:\/\/fornbiargi.se\/en\/wp-json\/wp\/v2\/product\/1750","targetHints":{"allow":["GET"]}}],"collection":[{"href":"https:\/\/fornbiargi.se\/en\/wp-json\/wp\/v2\/product"}],"about":[{"href":"https:\/\/fornbiargi.se\/en\/wp-json\/wp\/v2\/types\/product"}],"replies":[{"embeddable":true,"href":"https:\/\/fornbiargi.se\/en\/wp-json\/wp\/v2\/comments?post=1750"}],"wp:featuredmedia":[{"embeddable":true,"href":"https:\/\/fornbiargi.se\/en\/wp-json\/wp\/v2\/media\/2523"}],"wp:attachment":[{"href":"https:\/\/fornbiargi.se\/en\/wp-json\/wp\/v2\/media?parent=1750"}],"wp:term":[{"taxonomy":"product_brand","embeddable":true,"href":"https:\/\/fornbiargi.se\/en\/wp-json\/wp\/v2\/product_brand?post=1750"},{"taxonomy":"product_cat","embeddable":true,"href":"https:\/\/fornbiargi.se\/en\/wp-json\/wp\/v2\/product_cat?post=1750"},{"taxonomy":"product_tag","embeddable":true,"href":"https:\/\/fornbiargi.se\/en\/wp-json\/wp\/v2\/product_tag?post=1750"}],"curies":[{"name":"wp","href":"https:\/\/api.w.org\/{rel}","templated":true}]}}