{"id":1665,"date":"2024-07-16T20:34:55","date_gmt":"2024-07-16T18:34:55","guid":{"rendered":"https:\/\/fornbiargi.se\/?post_type=product&#038;p=1665"},"modified":"2026-04-03T19:31:27","modified_gmt":"2026-04-03T17:31:27","slug":"kantvax","status":"publish","type":"product","link":"https:\/\/fornbiargi.se\/en\/product\/kantvax\/","title":{"rendered":"Edge wax"},"content":{"rendered":"<p>Edge wax to polish leather edges with.<\/p>\n<p>This wax consists of both beeswax and carnauba wax, which makes it a little harder than pure beeswax. It is perfect for polishing the edges of leather, as a final step in the process.<\/p>\n<p>Rub the edge wax against the leather edge, and finish with a piece of cloth or a leather edge burnisher.<\/p>\n<p>About 15 grams.<\/p>\n<p>&nbsp;<\/p>\n<p><em>EN: edge wax<\/em><\/p>","protected":false},"excerpt":{"rendered":"<p>Kantvax till att polera l\u00e4derkanter med. Detta vax best\u00e5r av b\u00e5de bivax och karnaubavax, vilket g\u00f6r det lite h\u00e5rdare \u00e4n rent bivax. Det passar perfekt f\u00f6r att polera kanterna p\u00e5 l\u00e4der, som ett sista steg i processen. Gnugga kantvaxet mot l\u00e4derkanten, och avsluta med en bit tyg eller kantpolerare i tr\u00e4. Ca 15 gram. &nbsp; [&#8230;]\n","protected":false},"featured_media":2746,"comment_status":"closed","ping_status":"closed","template":"","meta":[],"product_brand":[],"product_cat":[97],"product_tag":[],"class_list":{"0":"post-1665","1":"product","2":"type-product","3":"status-publish","4":"has-post-thumbnail","6":"product_cat-other-accessories","8":"first","9":"instock","10":"taxable","11":"shipping-taxable","12":"purchasable","13":"product-type-simple"},"jetpack_sharing_enabled":true,"_links":{"self":[{"href":"https:\/\/fornbiargi.se\/en\/wp-json\/wp\/v2\/product\/1665","targetHints":{"allow":["GET"]}}],"collection":[{"href":"https:\/\/fornbiargi.se\/en\/wp-json\/wp\/v2\/product"}],"about":[{"href":"https:\/\/fornbiargi.se\/en\/wp-json\/wp\/v2\/types\/product"}],"replies":[{"embeddable":true,"href":"https:\/\/fornbiargi.se\/en\/wp-json\/wp\/v2\/comments?post=1665"}],"wp:featuredmedia":[{"embeddable":true,"href":"https:\/\/fornbiargi.se\/en\/wp-json\/wp\/v2\/media\/2746"}],"wp:attachment":[{"href":"https:\/\/fornbiargi.se\/en\/wp-json\/wp\/v2\/media?parent=1665"}],"wp:term":[{"taxonomy":"product_brand","embeddable":true,"href":"https:\/\/fornbiargi.se\/en\/wp-json\/wp\/v2\/product_brand?post=1665"},{"taxonomy":"product_cat","embeddable":true,"href":"https:\/\/fornbiargi.se\/en\/wp-json\/wp\/v2\/product_cat?post=1665"},{"taxonomy":"product_tag","embeddable":true,"href":"https:\/\/fornbiargi.se\/en\/wp-json\/wp\/v2\/product_tag?post=1665"}],"curies":[{"name":"wp","href":"https:\/\/api.w.org\/{rel}","templated":true}]}}