{"id":1581,"date":"2024-05-19T21:01:36","date_gmt":"2024-05-19T19:01:36","guid":{"rendered":"https:\/\/fornbiargi.se\/?post_type=product&#038;p=1581"},"modified":"2026-04-03T19:32:52","modified_gmt":"2026-04-03T17:32:52","slug":"fornbiargi-ladersmorning-med-citron","status":"publish","type":"product","link":"https:\/\/fornbiargi.se\/en\/product\/fornbiargi-ladersmorning-med-citron\/","title":{"rendered":"Fornbiargi leather balm with lemon"},"content":{"rendered":"<p>Our own leather balm that is made from scratch here in the studio.<\/p>\n<p>After years of leather balm development, this product has finally received its current formula. It has the best blend of animal and vegetable ingredients.<\/p>\n<p>The leather balm can darken leather slightly and give it a slight scent of lemon; however, the lemon scent disappears over time.<\/p>\n<p>Leather balm with a lemon scent is good in cases where you want a more neutral balm, without tar. For leather that is exposed to the weather, such as shoes, our leather balm with tar is recommended instead.<\/p>\n<p>Available in a 60 ml can for the normal user and a 100 ml can for those who use leather balm often, or share it with the family.<\/p>\n<p><em>For businesses wishing to become retailers of this product; go to the contact form and announce your interest.<\/em><\/p>\n<p>&nbsp;<\/p>\n<p><em>EN: Fornbiargi leather balm with lemon<\/em><\/p>","protected":false},"excerpt":{"rendered":"<p>V\u00e5r egna l\u00e4dersmorning som tillverkas fr\u00e5n grunden h\u00e4r i atelj\u00e9n. Efter \u00e5r av framtagning av l\u00e4dersmorning, har denna produkt \u00e4ntligen f\u00e5tt sin nuvarande formula. Den har den b\u00e4sta blandningen av animaliska och vegetabiliska ingredienser. L\u00e4dersmorningen kan g\u00f6ra l\u00e4der n\u00e5got m\u00f6rkare och ge det en l\u00e4tt doft av citron; citrondoften f\u00f6rsvinner dock med tiden. L\u00e4dersmorning med [&#8230;]\n","protected":false},"featured_media":2792,"comment_status":"closed","ping_status":"closed","template":"","meta":[],"product_brand":[],"product_cat":[117],"product_tag":[],"class_list":{"0":"post-1581","1":"product","2":"type-product","3":"status-publish","4":"has-post-thumbnail","6":"product_cat-leather-balm","8":"first","9":"instock","10":"featured","11":"taxable","12":"shipping-taxable","13":"purchasable","14":"product-type-variable"},"jetpack_sharing_enabled":true,"_links":{"self":[{"href":"https:\/\/fornbiargi.se\/en\/wp-json\/wp\/v2\/product\/1581","targetHints":{"allow":["GET"]}}],"collection":[{"href":"https:\/\/fornbiargi.se\/en\/wp-json\/wp\/v2\/product"}],"about":[{"href":"https:\/\/fornbiargi.se\/en\/wp-json\/wp\/v2\/types\/product"}],"replies":[{"embeddable":true,"href":"https:\/\/fornbiargi.se\/en\/wp-json\/wp\/v2\/comments?post=1581"}],"wp:featuredmedia":[{"embeddable":true,"href":"https:\/\/fornbiargi.se\/en\/wp-json\/wp\/v2\/media\/2792"}],"wp:attachment":[{"href":"https:\/\/fornbiargi.se\/en\/wp-json\/wp\/v2\/media?parent=1581"}],"wp:term":[{"taxonomy":"product_brand","embeddable":true,"href":"https:\/\/fornbiargi.se\/en\/wp-json\/wp\/v2\/product_brand?post=1581"},{"taxonomy":"product_cat","embeddable":true,"href":"https:\/\/fornbiargi.se\/en\/wp-json\/wp\/v2\/product_cat?post=1581"},{"taxonomy":"product_tag","embeddable":true,"href":"https:\/\/fornbiargi.se\/en\/wp-json\/wp\/v2\/product_tag?post=1581"}],"curies":[{"name":"wp","href":"https:\/\/api.w.org\/{rel}","templated":true}]}}