{"id":1576,"date":"2024-05-19T19:27:12","date_gmt":"2024-05-19T17:27:12","guid":{"rendered":"https:\/\/fornbiargi.se\/?post_type=product&#038;p=1576"},"modified":"2026-04-03T19:35:46","modified_gmt":"2026-04-03T17:35:46","slug":"bivax","status":"publish","type":"product","link":"https:\/\/fornbiargi.se\/en\/product\/bivax\/","title":{"rendered":"Beeswax"},"content":{"rendered":"<p>Beeswax for sewing thread. Good for strengthening natural thread, such as linen thread, before sewing.<\/p>\n<p>Swedish beeswax.<\/p>\n<p>Fornbiargi.<\/p>\n<p>About 14 grams.<\/p>\n<p>&nbsp;<\/p>\n<p><em>EN: beeswax<\/em><\/p>","protected":false},"excerpt":{"rendered":"<p>Bivax f\u00f6r sytr\u00e5d. Bra f\u00f6r att st\u00e4rka upp naturlig tr\u00e5d, exempelvis lintr\u00e5d, inf\u00f6r s\u00f6mnad. Svenskt bivax. Fornbiargi. Ca 14 gram. &nbsp; EN: beeswax<\/p>","protected":false},"featured_media":2729,"comment_status":"closed","ping_status":"closed","template":"","meta":[],"product_brand":[],"product_cat":[97],"product_tag":[],"class_list":{"0":"post-1576","1":"product","2":"type-product","3":"status-publish","4":"has-post-thumbnail","6":"product_cat-other-accessories","8":"first","9":"instock","10":"featured","11":"taxable","12":"shipping-taxable","13":"purchasable","14":"product-type-simple"},"jetpack_sharing_enabled":true,"_links":{"self":[{"href":"https:\/\/fornbiargi.se\/en\/wp-json\/wp\/v2\/product\/1576","targetHints":{"allow":["GET"]}}],"collection":[{"href":"https:\/\/fornbiargi.se\/en\/wp-json\/wp\/v2\/product"}],"about":[{"href":"https:\/\/fornbiargi.se\/en\/wp-json\/wp\/v2\/types\/product"}],"replies":[{"embeddable":true,"href":"https:\/\/fornbiargi.se\/en\/wp-json\/wp\/v2\/comments?post=1576"}],"wp:featuredmedia":[{"embeddable":true,"href":"https:\/\/fornbiargi.se\/en\/wp-json\/wp\/v2\/media\/2729"}],"wp:attachment":[{"href":"https:\/\/fornbiargi.se\/en\/wp-json\/wp\/v2\/media?parent=1576"}],"wp:term":[{"taxonomy":"product_brand","embeddable":true,"href":"https:\/\/fornbiargi.se\/en\/wp-json\/wp\/v2\/product_brand?post=1576"},{"taxonomy":"product_cat","embeddable":true,"href":"https:\/\/fornbiargi.se\/en\/wp-json\/wp\/v2\/product_cat?post=1576"},{"taxonomy":"product_tag","embeddable":true,"href":"https:\/\/fornbiargi.se\/en\/wp-json\/wp\/v2\/product_tag?post=1576"}],"curies":[{"name":"wp","href":"https:\/\/api.w.org\/{rel}","templated":true}]}}