{"id":1554,"date":"2024-04-28T18:58:21","date_gmt":"2024-04-28T16:58:21","guid":{"rendered":"https:\/\/fornbiargi.se\/?post_type=product&#038;p=1554"},"modified":"2026-04-03T19:38:10","modified_gmt":"2026-04-03T17:38:10","slug":"hornmall","status":"publish","type":"product","link":"https:\/\/fornbiargi.se\/en\/product\/hornmall\/","title":{"rendered":"Corner template \/ radius ruler"},"content":{"rendered":"<p>Simple template for measuring and cutting corners and round holes in leather.<\/p>\n<p>Stainless steel.<\/p>\n<p>&nbsp;<\/p>\n<p><em>EN: corner template \/ radius ruler<\/em><\/p>","protected":false},"excerpt":{"rendered":"<p>Enkel h\u00f6rnmall f\u00f6r att m\u00e4ta och sk\u00e4ra h\u00f6rn och runda h\u00e5l i l\u00e4der. Rostfritt st\u00e5l. &nbsp; EN: corner template \/ radius ruler<\/p>","protected":false},"featured_media":2592,"comment_status":"closed","ping_status":"closed","template":"","meta":[],"product_brand":[],"product_cat":[85],"product_tag":[],"class_list":{"0":"post-1554","1":"product","2":"type-product","3":"status-publish","4":"has-post-thumbnail","6":"product_cat-other-tools","8":"first","9":"instock","10":"taxable","11":"shipping-taxable","12":"purchasable","13":"product-type-simple"},"jetpack_sharing_enabled":true,"_links":{"self":[{"href":"https:\/\/fornbiargi.se\/en\/wp-json\/wp\/v2\/product\/1554","targetHints":{"allow":["GET"]}}],"collection":[{"href":"https:\/\/fornbiargi.se\/en\/wp-json\/wp\/v2\/product"}],"about":[{"href":"https:\/\/fornbiargi.se\/en\/wp-json\/wp\/v2\/types\/product"}],"replies":[{"embeddable":true,"href":"https:\/\/fornbiargi.se\/en\/wp-json\/wp\/v2\/comments?post=1554"}],"wp:featuredmedia":[{"embeddable":true,"href":"https:\/\/fornbiargi.se\/en\/wp-json\/wp\/v2\/media\/2592"}],"wp:attachment":[{"href":"https:\/\/fornbiargi.se\/en\/wp-json\/wp\/v2\/media?parent=1554"}],"wp:term":[{"taxonomy":"product_brand","embeddable":true,"href":"https:\/\/fornbiargi.se\/en\/wp-json\/wp\/v2\/product_brand?post=1554"},{"taxonomy":"product_cat","embeddable":true,"href":"https:\/\/fornbiargi.se\/en\/wp-json\/wp\/v2\/product_cat?post=1554"},{"taxonomy":"product_tag","embeddable":true,"href":"https:\/\/fornbiargi.se\/en\/wp-json\/wp\/v2\/product_tag?post=1554"}],"curies":[{"name":"wp","href":"https:\/\/api.w.org\/{rel}","templated":true}]}}