{"id":1546,"date":"2024-04-15T19:06:14","date_gmt":"2024-04-15T17:06:14","guid":{"rendered":"https:\/\/fornbiargi.se\/?post_type=product&#038;p=1546"},"modified":"2026-04-03T19:40:24","modified_gmt":"2026-04-03T17:40:24","slug":"passare","status":"publish","type":"product","link":"https:\/\/fornbiargi.se\/en\/product\/passare\/","title":{"rendered":"Wing divider"},"content":{"rendered":"<p>Wing divider of high quality made of steel, which can be used to mark seam lines or circles.<\/p>\n<p>Measures approximately 16 cm in total length, and can be used to measure up to 20 cm in width.<\/p>\n<p>Good weight and sits firmly in the hand.<\/p>\n<p>Easily fastened in the right position with a screw.<\/p>\n<p>Slightly rounded tips are great for marking leather, rather than cutting or scratching.<\/p>\n<p>Use a little oil on it for long-term storage.<\/p>\n<p><em>After testing a few different wing dividers, this one became the natural choice.<\/em><\/p>\n<p>&nbsp;<\/p>\n<p><em>EN: wing divider<\/em><\/p>","protected":false},"excerpt":{"rendered":"<p>Passare av h\u00f6g kvalitet i st\u00e5l, som kan anv\u00e4ndas till att markera s\u00f6mlinje eller cirklar. M\u00e4ter ungef\u00e4r 16 cm totall\u00e4ngd, och kan m\u00e4ta upp till 20 cm i bredd. Bra vikt och ligger stadigt i handen. Skruvas enkelt fast i r\u00e4tt l\u00e4ge. L\u00e4tt rundade spetsar som passar bra f\u00f6r att markera l\u00e4der, ist\u00e4llet f\u00f6r att [&#8230;]\n","protected":false},"featured_media":2596,"comment_status":"closed","ping_status":"closed","template":"","meta":[],"product_brand":[],"product_cat":[85],"product_tag":[],"class_list":{"0":"post-1546","1":"product","2":"type-product","3":"status-publish","4":"has-post-thumbnail","6":"product_cat-other-tools","8":"first","9":"instock","10":"taxable","11":"shipping-taxable","12":"purchasable","13":"product-type-simple"},"jetpack_sharing_enabled":true,"_links":{"self":[{"href":"https:\/\/fornbiargi.se\/en\/wp-json\/wp\/v2\/product\/1546","targetHints":{"allow":["GET"]}}],"collection":[{"href":"https:\/\/fornbiargi.se\/en\/wp-json\/wp\/v2\/product"}],"about":[{"href":"https:\/\/fornbiargi.se\/en\/wp-json\/wp\/v2\/types\/product"}],"replies":[{"embeddable":true,"href":"https:\/\/fornbiargi.se\/en\/wp-json\/wp\/v2\/comments?post=1546"}],"wp:featuredmedia":[{"embeddable":true,"href":"https:\/\/fornbiargi.se\/en\/wp-json\/wp\/v2\/media\/2596"}],"wp:attachment":[{"href":"https:\/\/fornbiargi.se\/en\/wp-json\/wp\/v2\/media?parent=1546"}],"wp:term":[{"taxonomy":"product_brand","embeddable":true,"href":"https:\/\/fornbiargi.se\/en\/wp-json\/wp\/v2\/product_brand?post=1546"},{"taxonomy":"product_cat","embeddable":true,"href":"https:\/\/fornbiargi.se\/en\/wp-json\/wp\/v2\/product_cat?post=1546"},{"taxonomy":"product_tag","embeddable":true,"href":"https:\/\/fornbiargi.se\/en\/wp-json\/wp\/v2\/product_tag?post=1546"}],"curies":[{"name":"wp","href":"https:\/\/api.w.org\/{rel}","templated":true}]}}