{"id":1542,"date":"2024-04-15T17:38:44","date_gmt":"2024-04-15T15:38:44","guid":{"rendered":"https:\/\/fornbiargi.se\/?post_type=product&#038;p=1542"},"modified":"2026-04-12T20:24:34","modified_gmt":"2026-04-12T18:24:34","slug":"kantpolerare-blackwood","status":"publish","type":"product","link":"https:\/\/fornbiargi.se\/en\/product\/kantpolerare-blackwood\/","title":{"rendered":"Edge burnisher, blackwood"},"content":{"rendered":"<p>Edge burnisher\/slicker for rounding off edges on leather. Available in two sizes:<\/p>\n<ul>\n<li>S suits sharp corners and holes as well as for marking leather.<\/li>\n<li>L is suitable for all common forms of edge polishing.<\/li>\n<\/ul>\n<p>The slim one also works great to use for marking on leather, as the tip of it is hard but gentle on leather. Hold it like a pencil, and mark the leather with light pressure.<\/p>\n<p>Made of blackwood, a dense hard wood, which makes it durable and smooth.<\/p>\n<p>Sizes are approximate.<\/p>\n<p>&nbsp;<\/p>\n<p><em>EN: edge burnisher<\/em><\/p>","protected":false},"excerpt":{"rendered":"<p>Kantpolerare f\u00f6r att runda av kanter p\u00e5 l\u00e4der. Finns i tv\u00e5 storlekar: S passar skarpa h\u00f6rn och h\u00e5l samt f\u00f6r att markera l\u00e4der. L passar f\u00f6r all vanlig form av kantpolering. Den smala varianten ungerar \u00e4ven utm\u00e4rkt att anv\u00e4nda f\u00f6r att markera p\u00e5 l\u00e4der, d\u00e5 spetsen p\u00e5 den \u00e4r h\u00e5rd men skonsam mot l\u00e4der. H\u00e5ll [&#8230;]\n","protected":false},"featured_media":2602,"comment_status":"closed","ping_status":"closed","template":"","meta":[],"product_brand":[],"product_cat":[85],"product_tag":[],"class_list":{"0":"post-1542","1":"product","2":"type-product","3":"status-publish","4":"has-post-thumbnail","6":"product_cat-other-tools","8":"first","9":"instock","10":"taxable","11":"shipping-taxable","12":"purchasable","13":"product-type-variable"},"jetpack_sharing_enabled":true,"_links":{"self":[{"href":"https:\/\/fornbiargi.se\/en\/wp-json\/wp\/v2\/product\/1542","targetHints":{"allow":["GET"]}}],"collection":[{"href":"https:\/\/fornbiargi.se\/en\/wp-json\/wp\/v2\/product"}],"about":[{"href":"https:\/\/fornbiargi.se\/en\/wp-json\/wp\/v2\/types\/product"}],"replies":[{"embeddable":true,"href":"https:\/\/fornbiargi.se\/en\/wp-json\/wp\/v2\/comments?post=1542"}],"wp:featuredmedia":[{"embeddable":true,"href":"https:\/\/fornbiargi.se\/en\/wp-json\/wp\/v2\/media\/2602"}],"wp:attachment":[{"href":"https:\/\/fornbiargi.se\/en\/wp-json\/wp\/v2\/media?parent=1542"}],"wp:term":[{"taxonomy":"product_brand","embeddable":true,"href":"https:\/\/fornbiargi.se\/en\/wp-json\/wp\/v2\/product_brand?post=1542"},{"taxonomy":"product_cat","embeddable":true,"href":"https:\/\/fornbiargi.se\/en\/wp-json\/wp\/v2\/product_cat?post=1542"},{"taxonomy":"product_tag","embeddable":true,"href":"https:\/\/fornbiargi.se\/en\/wp-json\/wp\/v2\/product_tag?post=1542"}],"curies":[{"name":"wp","href":"https:\/\/api.w.org\/{rel}","templated":true}]}}