{"id":1537,"date":"2024-04-14T20:47:21","date_gmt":"2024-04-14T18:47:21","guid":{"rendered":"https:\/\/fornbiargi.se\/?post_type=product&#038;p=1537"},"modified":"2026-04-03T19:45:34","modified_gmt":"2026-04-03T17:45:34","slug":"halpunsar-med-handtag-set","status":"publish","type":"product","link":"https:\/\/fornbiargi.se\/en\/product\/halpunsar-med-handtag-set\/","title":{"rendered":"Hole punches with handle (set)"},"content":{"rendered":"<p>Handle with set of removable hole punches for round holes.<\/p>\n<p>Very sharp; passes easily through heavy leather.<\/p>\n<p>Easy to change between different hole punches.<\/p>\n<p>Consists of a walnut storage box, tool, handle, and hole punches in sizes: 1.0 , 1.5 , 2.0 , 2.5 , 3.0 , 3.5 , 4.0 , 4.5 , 5.0 , 6.0 mm.<\/p>\n<p>Separate hole punches are sold <span class=\"fancy-underline\"><a href=\"https:\/\/fornbiargi.se\/en\/product\/halpuns-utan-handtag\/\">here<\/a><\/span>.<\/p>\n<p>Some stropping with rotating movements is usually all that is needed, to get them sharp again after prolonged use.<\/p>\n<p><em>Very impressive results from these hole punches. After a long search for good hole punches for round holes, it is gratifying to be able to offer these to other selective leather crafters.<\/em><\/p>\n<p>The handle is 10.6 cm long and 1.2 cm at its widest.<\/p>\n<p>&nbsp;<\/p>\n<p><em>EN: hole punches with handle<\/em><\/p>","protected":false},"excerpt":{"rendered":"<p>Handtag med upps\u00e4ttning l\u00f6stagbara h\u00e5lpunsar f\u00f6r runda h\u00e5l. Mycket vassa; g\u00e5r l\u00e4tt igenom kraftigt l\u00e4der. L\u00e4tt att byta mellan olika h\u00e5lpunsar. Best\u00e5r av en f\u00f6rvaringsl\u00e5da i valn\u00f6t, verktyg, handtag, samt h\u00e5lpunsar i storlekarna: 1.0 , 1.5 , 2.0 , 2.5 , 3.0 , 3.5 , 4.0 , 4.5 , 5.0 , 6.0 mm. Separata h\u00e5lpunsar [&#8230;]\n","protected":false},"featured_media":2551,"comment_status":"closed","ping_status":"closed","template":"","meta":[],"product_brand":[],"product_cat":[84],"product_tag":[],"class_list":{"0":"post-1537","1":"product","2":"type-product","3":"status-publish","4":"has-post-thumbnail","6":"product_cat-hole-tools","8":"first","9":"instock","10":"taxable","11":"shipping-taxable","12":"purchasable","13":"product-type-simple"},"jetpack_sharing_enabled":true,"_links":{"self":[{"href":"https:\/\/fornbiargi.se\/en\/wp-json\/wp\/v2\/product\/1537","targetHints":{"allow":["GET"]}}],"collection":[{"href":"https:\/\/fornbiargi.se\/en\/wp-json\/wp\/v2\/product"}],"about":[{"href":"https:\/\/fornbiargi.se\/en\/wp-json\/wp\/v2\/types\/product"}],"replies":[{"embeddable":true,"href":"https:\/\/fornbiargi.se\/en\/wp-json\/wp\/v2\/comments?post=1537"}],"wp:featuredmedia":[{"embeddable":true,"href":"https:\/\/fornbiargi.se\/en\/wp-json\/wp\/v2\/media\/2551"}],"wp:attachment":[{"href":"https:\/\/fornbiargi.se\/en\/wp-json\/wp\/v2\/media?parent=1537"}],"wp:term":[{"taxonomy":"product_brand","embeddable":true,"href":"https:\/\/fornbiargi.se\/en\/wp-json\/wp\/v2\/product_brand?post=1537"},{"taxonomy":"product_cat","embeddable":true,"href":"https:\/\/fornbiargi.se\/en\/wp-json\/wp\/v2\/product_cat?post=1537"},{"taxonomy":"product_tag","embeddable":true,"href":"https:\/\/fornbiargi.se\/en\/wp-json\/wp\/v2\/product_tag?post=1537"}],"curies":[{"name":"wp","href":"https:\/\/api.w.org\/{rel}","templated":true}]}}