{"id":1505,"date":"2024-04-14T11:17:58","date_gmt":"2024-04-14T09:17:58","guid":{"rendered":"https:\/\/fornbiargi.se\/?post_type=product&#038;p=1505"},"modified":"2026-04-03T19:47:30","modified_gmt":"2026-04-03T17:47:30","slug":"remskarare-fornbiargi","status":"publish","type":"product","link":"https:\/\/fornbiargi.se\/en\/product\/remskarare-fornbiargi\/","title":{"rendered":"Strap cutter, Fornbiargi"},"content":{"rendered":"<p>Fornbiargi strap cutter in oiled ash.<\/p>\n<p>If you're looking for a high-quality strap cutter, you have come to the right place. It\u00b4s easy to handle and will facilitate your work. If you have used cheaper strap cutters of questionable quality before, you'll notice a difference with this one.<\/p>\n<p>The leather can easily slide through the groove along the side.<\/p>\n<p>The handle is shaped after the hand, which provides a comfortable grip.<\/p>\n<p>It\u00b4s well polished and oiled, so that the leather is not scratched.<\/p>\n<p>Metric scale and inch scale.<\/p>\n<p>When you want to change knife blades, it\u00b4s easy to get hold of ones that fit. We will also offer extra blades in the store.<\/p>\n<p>Tools and 10 extra blades are included, which you snap off to the desired length (be careful with the sharp knife blades).<\/p>\n<p>&nbsp;<\/p>\n<p><em>Can you figure out what is written in runes on the strap cutter?<\/em><\/p>\n<p>&nbsp;<\/p>\n<p><em>EN: Fornbiargi strap cutter<\/em><\/p>","protected":false},"excerpt":{"rendered":"<p>Fornbiargi remsk\u00e4rare i oljad ask. S\u00f6ker du en remsk\u00e4rare av h\u00f6g kvalitet har du hittat r\u00e4tt. Den \u00e4r l\u00e4tt att hantera och kommer att underl\u00e4tta ditt arbete. Om du har anv\u00e4nt billigare remsk\u00e4rare av tveksam kvalitet tidigare, s\u00e5 kommer du att m\u00e4rka skillnad med denna. L\u00e4dret kan l\u00e4tt glida igenom sp\u00e5ret l\u00e4ngs sidan. Handtaget \u00e4r [&#8230;]\n","protected":false},"featured_media":2530,"comment_status":"closed","ping_status":"closed","template":"","meta":[],"product_brand":[],"product_cat":[24],"product_tag":[],"class_list":{"0":"post-1505","1":"product","2":"type-product","3":"status-publish","4":"has-post-thumbnail","6":"product_cat-cutting","8":"first","9":"instock","10":"featured","11":"taxable","12":"shipping-taxable","13":"purchasable","14":"product-type-simple"},"jetpack_sharing_enabled":true,"_links":{"self":[{"href":"https:\/\/fornbiargi.se\/en\/wp-json\/wp\/v2\/product\/1505","targetHints":{"allow":["GET"]}}],"collection":[{"href":"https:\/\/fornbiargi.se\/en\/wp-json\/wp\/v2\/product"}],"about":[{"href":"https:\/\/fornbiargi.se\/en\/wp-json\/wp\/v2\/types\/product"}],"replies":[{"embeddable":true,"href":"https:\/\/fornbiargi.se\/en\/wp-json\/wp\/v2\/comments?post=1505"}],"wp:featuredmedia":[{"embeddable":true,"href":"https:\/\/fornbiargi.se\/en\/wp-json\/wp\/v2\/media\/2530"}],"wp:attachment":[{"href":"https:\/\/fornbiargi.se\/en\/wp-json\/wp\/v2\/media?parent=1505"}],"wp:term":[{"taxonomy":"product_brand","embeddable":true,"href":"https:\/\/fornbiargi.se\/en\/wp-json\/wp\/v2\/product_brand?post=1505"},{"taxonomy":"product_cat","embeddable":true,"href":"https:\/\/fornbiargi.se\/en\/wp-json\/wp\/v2\/product_cat?post=1505"},{"taxonomy":"product_tag","embeddable":true,"href":"https:\/\/fornbiargi.se\/en\/wp-json\/wp\/v2\/product_tag?post=1505"}],"curies":[{"name":"wp","href":"https:\/\/api.w.org\/{rel}","templated":true}]}}