{"id":1504,"date":"2024-04-14T11:17:58","date_gmt":"2024-04-14T09:17:58","guid":{"rendered":"https:\/\/fornbiargi.se\/?post_type=product&#038;p=1504"},"modified":"2026-04-03T19:52:49","modified_gmt":"2026-04-03T17:52:49","slug":"linjal-med-glidstopp-i-skinn","status":"publish","type":"product","link":"https:\/\/fornbiargi.se\/en\/product\/linjal-med-glidstopp-i-skinn\/","title":{"rendered":"Ruler with leather backing"},"content":{"rendered":"<p>Steel ruler with a thin leather backing that prevents it from sliding around.<\/p>\n<p>Available in 2 sizes.<\/p>\n<p>Hole for hanging.<\/p>\n<p>Stainless steel and bark-tanned leather.<\/p>\n<p>Metric scale.<\/p>\n<p><em>Steel rulers are particularly good for cutting leather with, as the knife does not cut into the ruler. Having a sliding stop on the back, stops it from moving around when cutting or drawing.<\/em><\/p>\n<p>&nbsp;<\/p>\n<p><em>EN: ruler with leather backing<\/em><\/p>","protected":false},"excerpt":{"rendered":"<p>St\u00e5llinjal med baksida i tunt skinn som f\u00f6rhindrar den fr\u00e5n att glida runt. Finns i 2 storlekar. H\u00e5l f\u00f6r upph\u00e4ngning. Rostfritt st\u00e5l och barkgarvat skinn. Metrisk skala. Linjaler i st\u00e5l \u00e4r s\u00e4rskilt bra f\u00f6r att sk\u00e4ra i l\u00e4der med, eftersom kniven inte sk\u00e4r in i linjalen. Att ha ett glidstopp p\u00e5 baksidan, g\u00f6r att den [&#8230;]\n","protected":false},"featured_media":2612,"comment_status":"closed","ping_status":"closed","template":"","meta":[],"product_brand":[],"product_cat":[85],"product_tag":[],"class_list":{"0":"post-1504","1":"product","2":"type-product","3":"status-publish","4":"has-post-thumbnail","6":"product_cat-other-tools","8":"first","9":"instock","10":"taxable","11":"shipping-taxable","12":"purchasable","13":"product-type-variable"},"jetpack_sharing_enabled":true,"_links":{"self":[{"href":"https:\/\/fornbiargi.se\/en\/wp-json\/wp\/v2\/product\/1504","targetHints":{"allow":["GET"]}}],"collection":[{"href":"https:\/\/fornbiargi.se\/en\/wp-json\/wp\/v2\/product"}],"about":[{"href":"https:\/\/fornbiargi.se\/en\/wp-json\/wp\/v2\/types\/product"}],"replies":[{"embeddable":true,"href":"https:\/\/fornbiargi.se\/en\/wp-json\/wp\/v2\/comments?post=1504"}],"wp:featuredmedia":[{"embeddable":true,"href":"https:\/\/fornbiargi.se\/en\/wp-json\/wp\/v2\/media\/2612"}],"wp:attachment":[{"href":"https:\/\/fornbiargi.se\/en\/wp-json\/wp\/v2\/media?parent=1504"}],"wp:term":[{"taxonomy":"product_brand","embeddable":true,"href":"https:\/\/fornbiargi.se\/en\/wp-json\/wp\/v2\/product_brand?post=1504"},{"taxonomy":"product_cat","embeddable":true,"href":"https:\/\/fornbiargi.se\/en\/wp-json\/wp\/v2\/product_cat?post=1504"},{"taxonomy":"product_tag","embeddable":true,"href":"https:\/\/fornbiargi.se\/en\/wp-json\/wp\/v2\/product_tag?post=1504"}],"curies":[{"name":"wp","href":"https:\/\/api.w.org\/{rel}","templated":true}]}}