{"id":1502,"date":"2024-04-14T11:17:58","date_gmt":"2024-04-14T09:17:58","guid":{"rendered":"https:\/\/fornbiargi.se\/?post_type=product&#038;p=1502"},"modified":"2026-04-03T19:54:37","modified_gmt":"2026-04-03T17:54:37","slug":"syl-diamantformad","status":"publish","type":"product","link":"https:\/\/fornbiargi.se\/en\/product\/syl-diamantformad\/","title":{"rendered":"Awl, diamond shape"},"content":{"rendered":"<p>Fornbiargi awl, diamond shape. Available in two sizes. Cocobolo handle and hardened tip with consistent thickness along the entire length.<\/p>\n<p>Used to create diamond shaped holes in leather for sewing, as well as in combination with the Fornbiargi pricking iron.<\/p>\n<p>The awl is sharp and slides easily through all types of leather. The cocobolo handle fits well in the hand and the grooves provide a good grip.<\/p>\n<p>2.0 mm is recommended together with pricking iron up to 3.38 mm.<\/p>\n<p>2.5 mm is recommended together with pricking iron from 3.85 mm.<\/p>\n<p><em>It\u00b4s not really the hole spacing on the pricking iron that determines which awl you use, but the thickness of the thread and the needle. The larger awl widens the hole a little more, which makes it easier for thicker thread. The awl's job is to widen the hole enough to be able to sew more easily, as well as to create evenly sized holes on the back of the leather.<\/em><\/p>\n<p>Use a strop to regain sharpness after prolonged use.<\/p>\n<p>&nbsp;<\/p>\n<p><em>EN: awl, diamond shape<\/em><\/p>","protected":false},"excerpt":{"rendered":"<p>Fornbiargi syl, diamantformad. Finns i tv\u00e5 storlekar. Handtag i cocobolo och h\u00e4rdad spets med konsekvent tjocklek l\u00e4ngs hela l\u00e4ngden. Anv\u00e4nds f\u00f6r att skapa diamantformade h\u00e5l i l\u00e4der f\u00f6r s\u00f6mnad, samt i kombination med Fornbiargi h\u00e5lgaffel. Sylen \u00e4r vass och glider l\u00e4tt igenom alla typer av l\u00e4der. Handtaget i cocobolo ligger bra i handen och r\u00e4fflorna [&#8230;]\n","protected":false},"featured_media":2549,"comment_status":"closed","ping_status":"closed","template":"","meta":[],"product_brand":[],"product_cat":[84],"product_tag":[],"class_list":{"0":"post-1502","1":"product","2":"type-product","3":"status-publish","4":"has-post-thumbnail","6":"product_cat-hole-tools","8":"first","9":"instock","10":"featured","11":"taxable","12":"shipping-taxable","13":"purchasable","14":"product-type-variable"},"jetpack_sharing_enabled":true,"_links":{"self":[{"href":"https:\/\/fornbiargi.se\/en\/wp-json\/wp\/v2\/product\/1502","targetHints":{"allow":["GET"]}}],"collection":[{"href":"https:\/\/fornbiargi.se\/en\/wp-json\/wp\/v2\/product"}],"about":[{"href":"https:\/\/fornbiargi.se\/en\/wp-json\/wp\/v2\/types\/product"}],"replies":[{"embeddable":true,"href":"https:\/\/fornbiargi.se\/en\/wp-json\/wp\/v2\/comments?post=1502"}],"wp:featuredmedia":[{"embeddable":true,"href":"https:\/\/fornbiargi.se\/en\/wp-json\/wp\/v2\/media\/2549"}],"wp:attachment":[{"href":"https:\/\/fornbiargi.se\/en\/wp-json\/wp\/v2\/media?parent=1502"}],"wp:term":[{"taxonomy":"product_brand","embeddable":true,"href":"https:\/\/fornbiargi.se\/en\/wp-json\/wp\/v2\/product_brand?post=1502"},{"taxonomy":"product_cat","embeddable":true,"href":"https:\/\/fornbiargi.se\/en\/wp-json\/wp\/v2\/product_cat?post=1502"},{"taxonomy":"product_tag","embeddable":true,"href":"https:\/\/fornbiargi.se\/en\/wp-json\/wp\/v2\/product_tag?post=1502"}],"curies":[{"name":"wp","href":"https:\/\/api.w.org\/{rel}","templated":true}]}}