{"id":1477,"date":"2024-04-09T11:59:38","date_gmt":"2024-04-09T09:59:38","guid":{"rendered":"https:\/\/fornbiargi.se\/?post_type=product&#038;p=1477"},"modified":"2026-01-09T18:56:45","modified_gmt":"2026-01-09T17:56:45","slug":"kantjarn-kemovancraft","status":"publish","type":"product","link":"https:\/\/fornbiargi.se\/en\/product\/kantjarn-kemovancraft\/","title":{"rendered":"Edge beveler, KemovanCraft"},"content":{"rendered":"<p>Edge beveler in several sizes. Used to round off edges on e.g. leather belts.<\/p>\n<p>The best edger we've tried so far. The handle is nice to hold, it\u00b4s very sharp and easy to use. The design gives the edge a slight rounding. It\u00b4s made sharp again by stropping on a leather edge.<\/p>\n<p>D2-steel and cocobolo handle.<\/p>\n<p>Sizes 0 to 4, where 0 has the narrowest cut and 4 has the widest.<\/p>\n<p>Which size you choose is individual based on how much you want to round off the edge. Below are recommendations, to give a general idea:<\/p>\n<p>0: 0.6 mm, recommended when you want to remove just a minimal of material from the edge.<\/p>\n<p>1: 0.8 mm, recommended for leather 1.3 to 2 mm.<\/p>\n<p>1: 1.0 mm, recommended for leather 2 to 2.5 mm.<\/p>\n<p>1: 1.2 mm, recommended for leather 2.5 to 3 mm.<\/p>\n<p>1: 1.5 mm, recommended for leather 3 to 4 mm.<\/p>\n<p>16.5 x 3 cm.<\/p>","protected":false},"excerpt":{"rendered":"<p>Kantj\u00e4rn i flera storlekar. Anv\u00e4nds f\u00f6r att runda av kanter p\u00e5 t.ex. l\u00e4derb\u00e4lten. Det b\u00e4sta kantj\u00e4rnet vi har provat hittils. Handtaget \u00e4r sk\u00f6nt att h\u00e5lla i, den \u00e4r mycket vass och l\u00e4tt att anv\u00e4nda. Utformningen g\u00f6r att kanten f\u00e5r en l\u00e4tt rundning. Den f\u00e5s vass igen genom strigling p\u00e5 en l\u00e4derkant. D2-st\u00e5l och handtag i [&#8230;]\n","protected":false},"featured_media":2520,"comment_status":"closed","ping_status":"closed","template":"","meta":[],"product_brand":[],"product_cat":[24],"product_tag":[],"class_list":{"0":"post-1477","1":"product","2":"type-product","3":"status-publish","4":"has-post-thumbnail","6":"product_cat-cutting","8":"first","9":"instock","10":"featured","11":"taxable","12":"shipping-taxable","13":"purchasable","14":"product-type-variable"},"jetpack_sharing_enabled":true,"_links":{"self":[{"href":"https:\/\/fornbiargi.se\/en\/wp-json\/wp\/v2\/product\/1477","targetHints":{"allow":["GET"]}}],"collection":[{"href":"https:\/\/fornbiargi.se\/en\/wp-json\/wp\/v2\/product"}],"about":[{"href":"https:\/\/fornbiargi.se\/en\/wp-json\/wp\/v2\/types\/product"}],"replies":[{"embeddable":true,"href":"https:\/\/fornbiargi.se\/en\/wp-json\/wp\/v2\/comments?post=1477"}],"wp:featuredmedia":[{"embeddable":true,"href":"https:\/\/fornbiargi.se\/en\/wp-json\/wp\/v2\/media\/2520"}],"wp:attachment":[{"href":"https:\/\/fornbiargi.se\/en\/wp-json\/wp\/v2\/media?parent=1477"}],"wp:term":[{"taxonomy":"product_brand","embeddable":true,"href":"https:\/\/fornbiargi.se\/en\/wp-json\/wp\/v2\/product_brand?post=1477"},{"taxonomy":"product_cat","embeddable":true,"href":"https:\/\/fornbiargi.se\/en\/wp-json\/wp\/v2\/product_cat?post=1477"},{"taxonomy":"product_tag","embeddable":true,"href":"https:\/\/fornbiargi.se\/en\/wp-json\/wp\/v2\/product_tag?post=1477"}],"curies":[{"name":"wp","href":"https:\/\/api.w.org\/{rel}","templated":true}]}}