{"id":1460,"date":"2024-03-17T19:31:39","date_gmt":"2024-03-17T18:31:39","guid":{"rendered":"https:\/\/fornbiargi.se\/?post_type=product&#038;p=1460"},"modified":"2026-01-06T17:22:07","modified_gmt":"2026-01-06T16:22:07","slug":"tjarat-hamparep","status":"publish","type":"product","link":"https:\/\/fornbiargi.se\/en\/product\/tjarat-hamparep\/","title":{"rendered":"Hemp rope with tar"},"content":{"rendered":"<p>Hemp rope with tar, approx. 8 mm.<\/p>\n<p>Durable and great for outdoor use. Suitable, for example, for pitching tents.<\/p>\n<p>Sold by the meter.<\/p>","protected":false},"excerpt":{"rendered":"<p>Tj\u00e4rat hamparep, ca 8 mm. H\u00e5llbart och bra f\u00f6r utomhusanv\u00e4ndning. Passar till exempel f\u00f6r att staga upp t\u00e4lt. S\u00e4ljes per meter.<\/p>","protected":false},"featured_media":2716,"comment_status":"closed","ping_status":"closed","template":"","meta":[],"product_brand":[],"product_cat":[75],"product_tag":[],"class_list":{"0":"post-1460","1":"product","2":"type-product","3":"status-publish","4":"has-post-thumbnail","6":"product_cat-rope-lace","8":"first","9":"instock","10":"taxable","11":"shipping-taxable","12":"purchasable","13":"product-type-simple"},"jetpack_sharing_enabled":true,"_links":{"self":[{"href":"https:\/\/fornbiargi.se\/en\/wp-json\/wp\/v2\/product\/1460","targetHints":{"allow":["GET"]}}],"collection":[{"href":"https:\/\/fornbiargi.se\/en\/wp-json\/wp\/v2\/product"}],"about":[{"href":"https:\/\/fornbiargi.se\/en\/wp-json\/wp\/v2\/types\/product"}],"replies":[{"embeddable":true,"href":"https:\/\/fornbiargi.se\/en\/wp-json\/wp\/v2\/comments?post=1460"}],"wp:featuredmedia":[{"embeddable":true,"href":"https:\/\/fornbiargi.se\/en\/wp-json\/wp\/v2\/media\/2716"}],"wp:attachment":[{"href":"https:\/\/fornbiargi.se\/en\/wp-json\/wp\/v2\/media?parent=1460"}],"wp:term":[{"taxonomy":"product_brand","embeddable":true,"href":"https:\/\/fornbiargi.se\/en\/wp-json\/wp\/v2\/product_brand?post=1460"},{"taxonomy":"product_cat","embeddable":true,"href":"https:\/\/fornbiargi.se\/en\/wp-json\/wp\/v2\/product_cat?post=1460"},{"taxonomy":"product_tag","embeddable":true,"href":"https:\/\/fornbiargi.se\/en\/wp-json\/wp\/v2\/product_tag?post=1460"}],"curies":[{"name":"wp","href":"https:\/\/api.w.org\/{rel}","templated":true}]}}