{"id":1441,"date":"2024-03-17T16:00:53","date_gmt":"2024-03-17T15:00:53","guid":{"rendered":"https:\/\/fornbiargi.se\/?post_type=product&#038;p=1441"},"modified":"2024-03-17T16:05:45","modified_gmt":"2024-03-17T15:05:45","slug":"spannen-utgaende","status":"publish","type":"product","link":"https:\/\/fornbiargi.se\/en\/product\/spannen-utgaende\/","title":{"rendered":"Buckles on clearance"},"content":{"rendered":"<p>Buckles on clearance sale and therefore sold at an extra low price.<\/p>\n<p>Read description under each. Numbers refer to images.<\/p>\n<p>The measurements are approximate and refer to the inside diameter.<\/p>","protected":false},"excerpt":{"rendered":"<p>Sp\u00e4nnen som \u00e4r utg\u00e5ende och d\u00e4rf\u00f6r s\u00e4ljs till ett extra l\u00e5gt pris. L\u00e4s beskrivning under varje. Nummer avser bildordning. M\u00e5tten \u00e4r ungef\u00e4rliga och avser insidan i diameter.<\/p>","protected":false},"featured_media":1442,"comment_status":"closed","ping_status":"closed","template":"","meta":[],"product_brand":[],"product_cat":[140,86],"product_tag":[],"class_list":{"0":"post-1441","1":"product","2":"type-product","3":"status-publish","4":"has-post-thumbnail","6":"product_cat-sale","7":"product_cat-buckles","9":"first","10":"instock","11":"sale","12":"taxable","13":"shipping-taxable","14":"purchasable","15":"product-type-variable"},"jetpack_sharing_enabled":true,"_links":{"self":[{"href":"https:\/\/fornbiargi.se\/en\/wp-json\/wp\/v2\/product\/1441","targetHints":{"allow":["GET"]}}],"collection":[{"href":"https:\/\/fornbiargi.se\/en\/wp-json\/wp\/v2\/product"}],"about":[{"href":"https:\/\/fornbiargi.se\/en\/wp-json\/wp\/v2\/types\/product"}],"replies":[{"embeddable":true,"href":"https:\/\/fornbiargi.se\/en\/wp-json\/wp\/v2\/comments?post=1441"}],"wp:featuredmedia":[{"embeddable":true,"href":"https:\/\/fornbiargi.se\/en\/wp-json\/wp\/v2\/media\/1442"}],"wp:attachment":[{"href":"https:\/\/fornbiargi.se\/en\/wp-json\/wp\/v2\/media?parent=1441"}],"wp:term":[{"taxonomy":"product_brand","embeddable":true,"href":"https:\/\/fornbiargi.se\/en\/wp-json\/wp\/v2\/product_brand?post=1441"},{"taxonomy":"product_cat","embeddable":true,"href":"https:\/\/fornbiargi.se\/en\/wp-json\/wp\/v2\/product_cat?post=1441"},{"taxonomy":"product_tag","embeddable":true,"href":"https:\/\/fornbiargi.se\/en\/wp-json\/wp\/v2\/product_tag?post=1441"}],"curies":[{"name":"wp","href":"https:\/\/api.w.org\/{rel}","templated":true}]}}