{"id":1415,"date":"2024-03-17T13:28:11","date_gmt":"2024-03-17T12:28:11","guid":{"rendered":"https:\/\/fornbiargi.se\/?post_type=product&#038;p=1415"},"modified":"2026-01-06T17:30:22","modified_gmt":"2026-01-06T16:30:22","slug":"remogla-massing","status":"publish","type":"product","link":"https:\/\/fornbiargi.se\/en\/product\/remogla-massing\/","title":{"rendered":"Belt loop, brass"},"content":{"rendered":"<p>Belt loop in solid brass.<\/p>\n<p>Nice loop to hold down the straps on the belts.<\/p>\n<p>Dimensions are approximate and given as inside diameter.<\/p>\n<p>&nbsp;<\/p>\n<p>&nbsp;<\/p>","protected":false},"excerpt":{"rendered":"<p>Rem\u00f6gla i solid gjuten m\u00e4ssing. Fin \u00f6gla f\u00f6r att h\u00e5lla nere rem\u00e4nden p\u00e5 b\u00e4lten. M\u00e5tten \u00e4r ungef\u00e4rliga och anges som inv\u00e4ndig diameter. &nbsp; &nbsp;<\/p>","protected":false},"featured_media":2666,"comment_status":"closed","ping_status":"closed","template":"","meta":[],"product_brand":[],"product_cat":[86],"product_tag":[],"class_list":{"0":"post-1415","1":"product","2":"type-product","3":"status-publish","4":"has-post-thumbnail","6":"product_cat-buckles","8":"first","9":"instock","10":"taxable","11":"shipping-taxable","12":"purchasable","13":"product-type-variable"},"jetpack_sharing_enabled":true,"_links":{"self":[{"href":"https:\/\/fornbiargi.se\/en\/wp-json\/wp\/v2\/product\/1415","targetHints":{"allow":["GET"]}}],"collection":[{"href":"https:\/\/fornbiargi.se\/en\/wp-json\/wp\/v2\/product"}],"about":[{"href":"https:\/\/fornbiargi.se\/en\/wp-json\/wp\/v2\/types\/product"}],"replies":[{"embeddable":true,"href":"https:\/\/fornbiargi.se\/en\/wp-json\/wp\/v2\/comments?post=1415"}],"wp:featuredmedia":[{"embeddable":true,"href":"https:\/\/fornbiargi.se\/en\/wp-json\/wp\/v2\/media\/2666"}],"wp:attachment":[{"href":"https:\/\/fornbiargi.se\/en\/wp-json\/wp\/v2\/media?parent=1415"}],"wp:term":[{"taxonomy":"product_brand","embeddable":true,"href":"https:\/\/fornbiargi.se\/en\/wp-json\/wp\/v2\/product_brand?post=1415"},{"taxonomy":"product_cat","embeddable":true,"href":"https:\/\/fornbiargi.se\/en\/wp-json\/wp\/v2\/product_cat?post=1415"},{"taxonomy":"product_tag","embeddable":true,"href":"https:\/\/fornbiargi.se\/en\/wp-json\/wp\/v2\/product_tag?post=1415"}],"curies":[{"name":"wp","href":"https:\/\/api.w.org\/{rel}","templated":true}]}}