{"id":1412,"date":"2024-03-17T13:28:07","date_gmt":"2024-03-17T12:28:07","guid":{"rendered":"https:\/\/fornbiargi.se\/?post_type=product&#038;p=1412"},"modified":"2026-01-06T18:46:40","modified_gmt":"2026-01-06T17:46:40","slug":"spanne-sb1-massing","status":"publish","type":"product","link":"https:\/\/fornbiargi.se\/en\/product\/spanne-sb1-massing\/","title":{"rendered":"Buckle SB1, brass"},"content":{"rendered":"<p>Buckle in solid brass.<\/p>\n<p>Dimensions are approximate and given as inside diameter.<\/p>\n<p>&nbsp;<\/p>\n<p>&nbsp;<\/p>","protected":false},"excerpt":{"rendered":"<p>Sp\u00e4nne i solid gjuten m\u00e4ssing. M\u00e5tten \u00e4r ungef\u00e4rliga och anges som inv\u00e4ndig diameter. &nbsp; &nbsp;<\/p>","protected":false},"featured_media":2674,"comment_status":"closed","ping_status":"closed","template":"","meta":[],"product_brand":[],"product_cat":[86],"product_tag":[],"class_list":{"0":"post-1412","1":"product","2":"type-product","3":"status-publish","4":"has-post-thumbnail","6":"product_cat-buckles","8":"first","9":"instock","10":"taxable","11":"shipping-taxable","12":"purchasable","13":"product-type-variable"},"jetpack_sharing_enabled":true,"_links":{"self":[{"href":"https:\/\/fornbiargi.se\/en\/wp-json\/wp\/v2\/product\/1412","targetHints":{"allow":["GET"]}}],"collection":[{"href":"https:\/\/fornbiargi.se\/en\/wp-json\/wp\/v2\/product"}],"about":[{"href":"https:\/\/fornbiargi.se\/en\/wp-json\/wp\/v2\/types\/product"}],"replies":[{"embeddable":true,"href":"https:\/\/fornbiargi.se\/en\/wp-json\/wp\/v2\/comments?post=1412"}],"wp:featuredmedia":[{"embeddable":true,"href":"https:\/\/fornbiargi.se\/en\/wp-json\/wp\/v2\/media\/2674"}],"wp:attachment":[{"href":"https:\/\/fornbiargi.se\/en\/wp-json\/wp\/v2\/media?parent=1412"}],"wp:term":[{"taxonomy":"product_brand","embeddable":true,"href":"https:\/\/fornbiargi.se\/en\/wp-json\/wp\/v2\/product_brand?post=1412"},{"taxonomy":"product_cat","embeddable":true,"href":"https:\/\/fornbiargi.se\/en\/wp-json\/wp\/v2\/product_cat?post=1412"},{"taxonomy":"product_tag","embeddable":true,"href":"https:\/\/fornbiargi.se\/en\/wp-json\/wp\/v2\/product_tag?post=1412"}],"curies":[{"name":"wp","href":"https:\/\/api.w.org\/{rel}","templated":true}]}}