{"id":1385,"date":"2024-03-17T10:22:44","date_gmt":"2024-03-17T09:22:44","guid":{"rendered":"https:\/\/fornbiargi.se\/?post_type=product&#038;p=1385"},"modified":"2026-01-06T18:12:00","modified_gmt":"2026-01-06T17:12:00","slug":"karbin-massing","status":"publish","type":"product","link":"https:\/\/fornbiargi.se\/en\/product\/karbin-massing\/","title":{"rendered":"Carabiner, brass"},"content":{"rendered":"<p>Carabiner in solid brass.<\/p>\n<p>The measurements are approximate and are given as total length x inner width of the eye.<\/p>\n<p>&nbsp;<\/p>\n<p>&nbsp;<\/p>","protected":false},"excerpt":{"rendered":"<p>Karbin i solid gjuten m\u00e4ssing. M\u00e5tten \u00e4r ungef\u00e4rliga och anges som totall\u00e4ngd x \u00f6gats inv\u00e4ndiga bredd. &nbsp; &nbsp;<\/p>","protected":false},"featured_media":2692,"comment_status":"closed","ping_status":"closed","template":"","meta":[],"product_brand":[],"product_cat":[89],"product_tag":[],"class_list":{"0":"post-1385","1":"product","2":"type-product","3":"status-publish","4":"has-post-thumbnail","6":"product_cat-carabiners","8":"first","9":"instock","10":"taxable","11":"shipping-taxable","12":"purchasable","13":"product-type-variable"},"jetpack_sharing_enabled":true,"_links":{"self":[{"href":"https:\/\/fornbiargi.se\/en\/wp-json\/wp\/v2\/product\/1385","targetHints":{"allow":["GET"]}}],"collection":[{"href":"https:\/\/fornbiargi.se\/en\/wp-json\/wp\/v2\/product"}],"about":[{"href":"https:\/\/fornbiargi.se\/en\/wp-json\/wp\/v2\/types\/product"}],"replies":[{"embeddable":true,"href":"https:\/\/fornbiargi.se\/en\/wp-json\/wp\/v2\/comments?post=1385"}],"wp:featuredmedia":[{"embeddable":true,"href":"https:\/\/fornbiargi.se\/en\/wp-json\/wp\/v2\/media\/2692"}],"wp:attachment":[{"href":"https:\/\/fornbiargi.se\/en\/wp-json\/wp\/v2\/media?parent=1385"}],"wp:term":[{"taxonomy":"product_brand","embeddable":true,"href":"https:\/\/fornbiargi.se\/en\/wp-json\/wp\/v2\/product_brand?post=1385"},{"taxonomy":"product_cat","embeddable":true,"href":"https:\/\/fornbiargi.se\/en\/wp-json\/wp\/v2\/product_cat?post=1385"},{"taxonomy":"product_tag","embeddable":true,"href":"https:\/\/fornbiargi.se\/en\/wp-json\/wp\/v2\/product_tag?post=1385"}],"curies":[{"name":"wp","href":"https:\/\/api.w.org\/{rel}","templated":true}]}}