{"id":1370,"date":"2024-03-15T22:38:32","date_gmt":"2024-03-15T21:38:32","guid":{"rendered":"https:\/\/fornbiargi.se\/?post_type=product&#038;p=1370"},"modified":"2026-01-06T18:13:54","modified_gmt":"2026-01-06T17:13:54","slug":"ullpensel","status":"publish","type":"product","link":"https:\/\/fornbiargi.se\/en\/product\/ullpensel\/","title":{"rendered":"Wool dauber"},"content":{"rendered":"<p>Wool dauber for, for example, applying edge paint to leather.<\/p>\n<p>Available in different sizes; measurements are approximate.<\/p>\n<p>Please note that they are sold individually.<\/p>\n<p>&nbsp;<\/p>","protected":false},"excerpt":{"rendered":"<p>Ullpensel f\u00f6r att exempelvis applicera kantf\u00e4rg p\u00e5 l\u00e4der. Finns i olika storlekar; m\u00e5tten \u00e4r ungef\u00e4rliga. Observera att de s\u00e4ljs styckvis. &nbsp;<\/p>","protected":false},"featured_media":2732,"comment_status":"closed","ping_status":"closed","template":"","meta":[],"product_brand":[],"product_cat":[97],"product_tag":[],"class_list":{"0":"post-1370","1":"product","2":"type-product","3":"status-publish","4":"has-post-thumbnail","6":"product_cat-other-accessories","8":"first","9":"instock","10":"taxable","11":"shipping-taxable","12":"purchasable","13":"product-type-variable"},"jetpack_sharing_enabled":true,"_links":{"self":[{"href":"https:\/\/fornbiargi.se\/en\/wp-json\/wp\/v2\/product\/1370","targetHints":{"allow":["GET"]}}],"collection":[{"href":"https:\/\/fornbiargi.se\/en\/wp-json\/wp\/v2\/product"}],"about":[{"href":"https:\/\/fornbiargi.se\/en\/wp-json\/wp\/v2\/types\/product"}],"replies":[{"embeddable":true,"href":"https:\/\/fornbiargi.se\/en\/wp-json\/wp\/v2\/comments?post=1370"}],"wp:featuredmedia":[{"embeddable":true,"href":"https:\/\/fornbiargi.se\/en\/wp-json\/wp\/v2\/media\/2732"}],"wp:attachment":[{"href":"https:\/\/fornbiargi.se\/en\/wp-json\/wp\/v2\/media?parent=1370"}],"wp:term":[{"taxonomy":"product_brand","embeddable":true,"href":"https:\/\/fornbiargi.se\/en\/wp-json\/wp\/v2\/product_brand?post=1370"},{"taxonomy":"product_cat","embeddable":true,"href":"https:\/\/fornbiargi.se\/en\/wp-json\/wp\/v2\/product_cat?post=1370"},{"taxonomy":"product_tag","embeddable":true,"href":"https:\/\/fornbiargi.se\/en\/wp-json\/wp\/v2\/product_tag?post=1370"}],"curies":[{"name":"wp","href":"https:\/\/api.w.org\/{rel}","templated":true}]}}