{"id":1369,"date":"2024-03-15T22:38:31","date_gmt":"2024-03-15T21:38:31","guid":{"rendered":"https:\/\/fornbiargi.se\/?post_type=product&#038;p=1369"},"modified":"2026-01-23T18:03:37","modified_gmt":"2026-01-23T17:03:37","slug":"fettpenna-silvermarkor","status":"publish","type":"product","link":"https:\/\/fornbiargi.se\/en\/product\/fettpenna-silvermarkor\/","title":{"rendered":"Silver marker pen"},"content":{"rendered":"<p>Simple silver marker pen for making lines on leather. Makes a silver line that can be erased with a regular eraser.<\/p>\n<p>Note that a faint line may still remain, as the pen itself leaves a small impression in the leather.<\/p>\n<p>13.5 x 0.95 (diameter) cm. 9 gram.<\/p>\n<p>&nbsp;<\/p>","protected":false},"excerpt":{"rendered":"<p>Enkel fettpenna f\u00f6r att markera linjer p\u00e5 l\u00e4der. Skapar en silverlinje som kan suddas ut med vanligt radergummi. Observera att det \u00e4nd\u00e5 kan bli kvar en svag linje, eftersom pennan i sig l\u00e4mnar lite intryck i l\u00e4dret. 13.5 x 0.95 (diameter) cm. 9 gram. &nbsp;<\/p>","protected":false},"featured_media":2737,"comment_status":"closed","ping_status":"closed","template":"","meta":[],"product_brand":[],"product_cat":[97],"product_tag":[],"class_list":{"0":"post-1369","1":"product","2":"type-product","3":"status-publish","4":"has-post-thumbnail","6":"product_cat-other-accessories","8":"first","9":"instock","10":"taxable","11":"shipping-taxable","12":"purchasable","13":"product-type-simple"},"jetpack_sharing_enabled":true,"_links":{"self":[{"href":"https:\/\/fornbiargi.se\/en\/wp-json\/wp\/v2\/product\/1369","targetHints":{"allow":["GET"]}}],"collection":[{"href":"https:\/\/fornbiargi.se\/en\/wp-json\/wp\/v2\/product"}],"about":[{"href":"https:\/\/fornbiargi.se\/en\/wp-json\/wp\/v2\/types\/product"}],"replies":[{"embeddable":true,"href":"https:\/\/fornbiargi.se\/en\/wp-json\/wp\/v2\/comments?post=1369"}],"wp:featuredmedia":[{"embeddable":true,"href":"https:\/\/fornbiargi.se\/en\/wp-json\/wp\/v2\/media\/2737"}],"wp:attachment":[{"href":"https:\/\/fornbiargi.se\/en\/wp-json\/wp\/v2\/media?parent=1369"}],"wp:term":[{"taxonomy":"product_brand","embeddable":true,"href":"https:\/\/fornbiargi.se\/en\/wp-json\/wp\/v2\/product_brand?post=1369"},{"taxonomy":"product_cat","embeddable":true,"href":"https:\/\/fornbiargi.se\/en\/wp-json\/wp\/v2\/product_cat?post=1369"},{"taxonomy":"product_tag","embeddable":true,"href":"https:\/\/fornbiargi.se\/en\/wp-json\/wp\/v2\/product_tag?post=1369"}],"curies":[{"name":"wp","href":"https:\/\/api.w.org\/{rel}","templated":true}]}}