{"id":1321,"date":"2024-03-15T13:49:30","date_gmt":"2024-03-15T12:49:30","guid":{"rendered":"https:\/\/fornbiargi.se\/?post_type=product&#038;p=1321"},"modified":"2024-07-22T12:32:34","modified_gmt":"2024-07-22T10:32:34","slug":"rafflingstra","status":"publish","type":"product","link":"https:\/\/fornbiargi.se\/en\/product\/rafflingstra\/","title":{"rendered":"Wooden sew line marker"},"content":{"rendered":"<p>Wooden marker for leather. Has several distances.<\/p>\n<p>Suited for sew lines.<\/p>\n<p>20 x 3 x 2 cm. 61 grams.<\/p>\n<p>&nbsp;<\/p>","protected":false},"excerpt":{"rendered":"<p>R\u00e4fflingstr\u00e4 f\u00f6r att markera linjer p\u00e5 l\u00e4der. Har flera olika avst\u00e5nd. Passar bra till s\u00f6mnadslinjer. 20 x 3 x 2 cm. 61 gram. &nbsp;<\/p>","protected":false},"featured_media":1322,"comment_status":"closed","ping_status":"closed","template":"","meta":[],"product_brand":[],"product_cat":[85,140],"product_tag":[],"class_list":{"0":"post-1321","1":"product","2":"type-product","3":"status-publish","4":"has-post-thumbnail","6":"product_cat-other-tools","7":"product_cat-sale","9":"first","10":"instock","11":"sale","12":"taxable","13":"shipping-taxable","14":"purchasable","15":"product-type-simple"},"jetpack_sharing_enabled":true,"_links":{"self":[{"href":"https:\/\/fornbiargi.se\/en\/wp-json\/wp\/v2\/product\/1321","targetHints":{"allow":["GET"]}}],"collection":[{"href":"https:\/\/fornbiargi.se\/en\/wp-json\/wp\/v2\/product"}],"about":[{"href":"https:\/\/fornbiargi.se\/en\/wp-json\/wp\/v2\/types\/product"}],"replies":[{"embeddable":true,"href":"https:\/\/fornbiargi.se\/en\/wp-json\/wp\/v2\/comments?post=1321"}],"wp:featuredmedia":[{"embeddable":true,"href":"https:\/\/fornbiargi.se\/en\/wp-json\/wp\/v2\/media\/1322"}],"wp:attachment":[{"href":"https:\/\/fornbiargi.se\/en\/wp-json\/wp\/v2\/media?parent=1321"}],"wp:term":[{"taxonomy":"product_brand","embeddable":true,"href":"https:\/\/fornbiargi.se\/en\/wp-json\/wp\/v2\/product_brand?post=1321"},{"taxonomy":"product_cat","embeddable":true,"href":"https:\/\/fornbiargi.se\/en\/wp-json\/wp\/v2\/product_cat?post=1321"},{"taxonomy":"product_tag","embeddable":true,"href":"https:\/\/fornbiargi.se\/en\/wp-json\/wp\/v2\/product_tag?post=1321"}],"curies":[{"name":"wp","href":"https:\/\/api.w.org\/{rel}","templated":true}]}}