{"id":1317,"date":"2024-03-15T13:15:22","date_gmt":"2024-03-15T12:15:22","guid":{"rendered":"https:\/\/fornbiargi.se\/?post_type=product&#038;p=1317"},"modified":"2024-12-06T21:39:57","modified_gmt":"2024-12-06T20:39:57","slug":"rasp","status":"publish","type":"product","link":"https:\/\/fornbiargi.se\/en\/product\/rasp\/","title":{"rendered":"Rasp"},"content":{"rendered":"<p>Rasp with a flat and a rounded part. Both rough and fine surface.<\/p>\n<p>Suitable for smoothing the edges of rough leather; for example soles.<\/p>\n<p>20.4 x 2 x 0.6 cm. 126 grams.<\/p>\n<p>&nbsp;<\/p>","protected":false},"excerpt":{"rendered":"<p>Rasp med en platt och en rundad del. B\u00e5de grov och fin yta. Passar bra till att j\u00e4mna till kanter p\u00e5 grovt l\u00e4der; t.ex. sulor. 20.4 x 2 x 0.6 cm. 126 gram. &nbsp;<\/p>","protected":false},"featured_media":2231,"comment_status":"closed","ping_status":"closed","template":"","meta":[],"product_brand":[],"product_cat":[85,140],"product_tag":[],"class_list":{"0":"post-1317","1":"product","2":"type-product","3":"status-publish","4":"has-post-thumbnail","6":"product_cat-other-tools","7":"product_cat-sale","9":"first","10":"instock","11":"sale","12":"taxable","13":"shipping-taxable","14":"purchasable","15":"product-type-simple"},"jetpack_sharing_enabled":true,"_links":{"self":[{"href":"https:\/\/fornbiargi.se\/en\/wp-json\/wp\/v2\/product\/1317","targetHints":{"allow":["GET"]}}],"collection":[{"href":"https:\/\/fornbiargi.se\/en\/wp-json\/wp\/v2\/product"}],"about":[{"href":"https:\/\/fornbiargi.se\/en\/wp-json\/wp\/v2\/types\/product"}],"replies":[{"embeddable":true,"href":"https:\/\/fornbiargi.se\/en\/wp-json\/wp\/v2\/comments?post=1317"}],"wp:featuredmedia":[{"embeddable":true,"href":"https:\/\/fornbiargi.se\/en\/wp-json\/wp\/v2\/media\/2231"}],"wp:attachment":[{"href":"https:\/\/fornbiargi.se\/en\/wp-json\/wp\/v2\/media?parent=1317"}],"wp:term":[{"taxonomy":"product_brand","embeddable":true,"href":"https:\/\/fornbiargi.se\/en\/wp-json\/wp\/v2\/product_brand?post=1317"},{"taxonomy":"product_cat","embeddable":true,"href":"https:\/\/fornbiargi.se\/en\/wp-json\/wp\/v2\/product_cat?post=1317"},{"taxonomy":"product_tag","embeddable":true,"href":"https:\/\/fornbiargi.se\/en\/wp-json\/wp\/v2\/product_tag?post=1317"}],"curies":[{"name":"wp","href":"https:\/\/api.w.org\/{rel}","templated":true}]}}