{"id":1298,"date":"2024-03-15T11:07:34","date_gmt":"2024-03-15T10:07:34","guid":{"rendered":"https:\/\/fornbiargi.se\/?post_type=product&#038;p=1298"},"modified":"2024-12-06T21:41:18","modified_gmt":"2024-12-06T20:41:18","slug":"huggplatta","status":"publish","type":"product","link":"https:\/\/fornbiargi.se\/en\/product\/huggplatta\/","title":{"rendered":"Punching board"},"content":{"rendered":"<p>Heavy duty punching board that is suitable as a base for, for example, punching holes.<\/p>\n<p>Has discolourations and uneven edges that do not affect the function.<\/p>\n<p>30 x 15 x 1.8 cm. 1255 grams.<\/p>\n<p>&nbsp;<\/p>","protected":false},"excerpt":{"rendered":"<p>Kraftig huggplatta som passar som underlag vid exempelvis h\u00e5lslagning. Har missf\u00e4rgningar och oj\u00e4mna kanter som inte p\u00e5verkar funktionen. 30 x 15 x 1.8 cm. 1255 gram. &nbsp;<\/p>","protected":false},"featured_media":2233,"comment_status":"closed","ping_status":"closed","template":"","meta":[],"product_brand":[],"product_cat":[97,140],"product_tag":[],"class_list":{"0":"post-1298","1":"product","2":"type-product","3":"status-publish","4":"has-post-thumbnail","6":"product_cat-other-accessories","7":"product_cat-sale","9":"first","10":"instock","11":"sale","12":"taxable","13":"shipping-taxable","14":"purchasable","15":"product-type-simple"},"jetpack_sharing_enabled":true,"_links":{"self":[{"href":"https:\/\/fornbiargi.se\/en\/wp-json\/wp\/v2\/product\/1298","targetHints":{"allow":["GET"]}}],"collection":[{"href":"https:\/\/fornbiargi.se\/en\/wp-json\/wp\/v2\/product"}],"about":[{"href":"https:\/\/fornbiargi.se\/en\/wp-json\/wp\/v2\/types\/product"}],"replies":[{"embeddable":true,"href":"https:\/\/fornbiargi.se\/en\/wp-json\/wp\/v2\/comments?post=1298"}],"wp:featuredmedia":[{"embeddable":true,"href":"https:\/\/fornbiargi.se\/en\/wp-json\/wp\/v2\/media\/2233"}],"wp:attachment":[{"href":"https:\/\/fornbiargi.se\/en\/wp-json\/wp\/v2\/media?parent=1298"}],"wp:term":[{"taxonomy":"product_brand","embeddable":true,"href":"https:\/\/fornbiargi.se\/en\/wp-json\/wp\/v2\/product_brand?post=1298"},{"taxonomy":"product_cat","embeddable":true,"href":"https:\/\/fornbiargi.se\/en\/wp-json\/wp\/v2\/product_cat?post=1298"},{"taxonomy":"product_tag","embeddable":true,"href":"https:\/\/fornbiargi.se\/en\/wp-json\/wp\/v2\/product_tag?post=1298"}],"curies":[{"name":"wp","href":"https:\/\/api.w.org\/{rel}","templated":true}]}}