{"id":1272,"date":"2024-03-15T09:31:57","date_gmt":"2024-03-15T08:31:57","guid":{"rendered":"https:\/\/fornbiargi.se\/?post_type=product&#038;p=1272"},"modified":"2024-07-22T12:35:26","modified_gmt":"2024-07-22T10:35:26","slug":"kantskarare-raka-och-runda-skar","status":"publish","type":"product","link":"https:\/\/fornbiargi.se\/en\/product\/kantskarare-raka-och-runda-skar\/","title":{"rendered":"Edge beveler, straight and round cut"},"content":{"rendered":"<p>Edge bevelers in several sizes. Used to round off edges on for example leather belts.<\/p>\n<p>Available in both straight and round models; round model means it cuts off the edge with a slight rounding.<\/p>\n<p>The tools have wax as edge protection.<\/p>\n<p>Sizes 1 to 5, where 1 is the narrowest cut and 5 is the widest. Sizes 2 and 3 works well in most cases.<\/p>","protected":false},"excerpt":{"rendered":"<p>Kantsk\u00e4rare i flera storlekar. Anv\u00e4nds f\u00f6r att runda av kanter p\u00e5 t.ex. l\u00e4derb\u00e4lten. Finns i b\u00e5de rak och rund modell; rund modell inneb\u00e4r att den sk\u00e4r av kanten med en liten rundning. Verktygen har vax som eggskydd. Storlek 1 till 5, d\u00e4r 1 har det smalaste sk\u00e4ret och 5 har det bredaste. Storlek 2 och [&#8230;]\n","protected":false},"featured_media":1632,"comment_status":"closed","ping_status":"closed","template":"","meta":[],"product_brand":[],"product_cat":[140,24],"product_tag":[],"class_list":{"0":"post-1272","1":"product","2":"type-product","3":"status-publish","4":"has-post-thumbnail","6":"product_cat-sale","7":"product_cat-cutting","9":"first","10":"instock","11":"sale","12":"taxable","13":"shipping-taxable","14":"purchasable","15":"product-type-variable"},"jetpack_sharing_enabled":true,"_links":{"self":[{"href":"https:\/\/fornbiargi.se\/en\/wp-json\/wp\/v2\/product\/1272","targetHints":{"allow":["GET"]}}],"collection":[{"href":"https:\/\/fornbiargi.se\/en\/wp-json\/wp\/v2\/product"}],"about":[{"href":"https:\/\/fornbiargi.se\/en\/wp-json\/wp\/v2\/types\/product"}],"replies":[{"embeddable":true,"href":"https:\/\/fornbiargi.se\/en\/wp-json\/wp\/v2\/comments?post=1272"}],"wp:featuredmedia":[{"embeddable":true,"href":"https:\/\/fornbiargi.se\/en\/wp-json\/wp\/v2\/media\/1632"}],"wp:attachment":[{"href":"https:\/\/fornbiargi.se\/en\/wp-json\/wp\/v2\/media?parent=1272"}],"wp:term":[{"taxonomy":"product_brand","embeddable":true,"href":"https:\/\/fornbiargi.se\/en\/wp-json\/wp\/v2\/product_brand?post=1272"},{"taxonomy":"product_cat","embeddable":true,"href":"https:\/\/fornbiargi.se\/en\/wp-json\/wp\/v2\/product_cat?post=1272"},{"taxonomy":"product_tag","embeddable":true,"href":"https:\/\/fornbiargi.se\/en\/wp-json\/wp\/v2\/product_tag?post=1272"}],"curies":[{"name":"wp","href":"https:\/\/api.w.org\/{rel}","templated":true}]}}