{"id":1247,"date":"2024-03-13T10:34:09","date_gmt":"2024-03-13T09:34:09","guid":{"rendered":"https:\/\/fornbiargi.se\/?post_type=product&#038;p=1247"},"modified":"2025-06-09T18:35:10","modified_gmt":"2025-06-09T16:35:10","slug":"huggpipa-for-runda-hal","status":"publish","type":"product","link":"https:\/\/fornbiargi.se\/en\/product\/huggpipa-for-runda-hal\/","title":{"rendered":"Hole punch for round holes"},"content":{"rendered":"<p>Hole punch for round holes, in different sizes.<\/p>\n<p>Only use a hammer, maul or mallet that does not have a metal striking surface.<\/p>","protected":false},"excerpt":{"rendered":"<p>Huggpipa f\u00f6r runda h\u00e5l i flera storlekar. Anv\u00e4nd bara hammare eller klubba som inte har slagyta av metall.<\/p>","protected":false},"featured_media":2208,"comment_status":"closed","ping_status":"closed","template":"","meta":[],"product_brand":[],"product_cat":[84,140],"product_tag":[],"class_list":{"0":"post-1247","1":"product","2":"type-product","3":"status-publish","4":"has-post-thumbnail","6":"product_cat-hole-tools","7":"product_cat-sale","9":"first","10":"instock","11":"sale","12":"taxable","13":"shipping-taxable","14":"purchasable","15":"product-type-variable"},"jetpack_sharing_enabled":true,"_links":{"self":[{"href":"https:\/\/fornbiargi.se\/en\/wp-json\/wp\/v2\/product\/1247","targetHints":{"allow":["GET"]}}],"collection":[{"href":"https:\/\/fornbiargi.se\/en\/wp-json\/wp\/v2\/product"}],"about":[{"href":"https:\/\/fornbiargi.se\/en\/wp-json\/wp\/v2\/types\/product"}],"replies":[{"embeddable":true,"href":"https:\/\/fornbiargi.se\/en\/wp-json\/wp\/v2\/comments?post=1247"}],"wp:featuredmedia":[{"embeddable":true,"href":"https:\/\/fornbiargi.se\/en\/wp-json\/wp\/v2\/media\/2208"}],"wp:attachment":[{"href":"https:\/\/fornbiargi.se\/en\/wp-json\/wp\/v2\/media?parent=1247"}],"wp:term":[{"taxonomy":"product_brand","embeddable":true,"href":"https:\/\/fornbiargi.se\/en\/wp-json\/wp\/v2\/product_brand?post=1247"},{"taxonomy":"product_cat","embeddable":true,"href":"https:\/\/fornbiargi.se\/en\/wp-json\/wp\/v2\/product_cat?post=1247"},{"taxonomy":"product_tag","embeddable":true,"href":"https:\/\/fornbiargi.se\/en\/wp-json\/wp\/v2\/product_tag?post=1247"}],"curies":[{"name":"wp","href":"https:\/\/api.w.org\/{rel}","templated":true}]}}