{"id":1237,"date":"2024-03-11T10:52:54","date_gmt":"2024-03-11T09:52:54","guid":{"rendered":"https:\/\/fornbiargi.se\/?post_type=product&#038;p=1237"},"modified":"2026-04-12T20:24:14","modified_gmt":"2026-04-12T18:24:14","slug":"skarflingskniv-enkel","status":"publish","type":"product","link":"https:\/\/fornbiargi.se\/en\/product\/skarflingskniv-enkel\/","title":{"rendered":"Skiving knife"},"content":{"rendered":"<p>Skiving knife of simple model in steel for thinning leather. 5 extra blades included.<\/p>\n<p>17.3 x 1.75 x 1.3 cm. 36 grams.<\/p>","protected":false},"excerpt":{"rendered":"<p>Sk\u00e4rflingskniv av enkel modell i st\u00e5l f\u00f6r att tunna ut l\u00e4der. 5 extra blad medf\u00f6ljer. 17.3 x 1.75 x 1.3 cm. 36 gram.<\/p>","protected":false},"featured_media":1238,"comment_status":"closed","ping_status":"closed","template":"","meta":[],"product_brand":[],"product_cat":[140,24],"product_tag":[],"class_list":{"0":"post-1237","1":"product","2":"type-product","3":"status-publish","4":"has-post-thumbnail","6":"product_cat-sale","7":"product_cat-cutting","9":"first","10":"outofstock","11":"sale","12":"taxable","13":"shipping-taxable","14":"purchasable","15":"product-type-simple"},"jetpack_sharing_enabled":true,"_links":{"self":[{"href":"https:\/\/fornbiargi.se\/en\/wp-json\/wp\/v2\/product\/1237","targetHints":{"allow":["GET"]}}],"collection":[{"href":"https:\/\/fornbiargi.se\/en\/wp-json\/wp\/v2\/product"}],"about":[{"href":"https:\/\/fornbiargi.se\/en\/wp-json\/wp\/v2\/types\/product"}],"replies":[{"embeddable":true,"href":"https:\/\/fornbiargi.se\/en\/wp-json\/wp\/v2\/comments?post=1237"}],"wp:featuredmedia":[{"embeddable":true,"href":"https:\/\/fornbiargi.se\/en\/wp-json\/wp\/v2\/media\/1238"}],"wp:attachment":[{"href":"https:\/\/fornbiargi.se\/en\/wp-json\/wp\/v2\/media?parent=1237"}],"wp:term":[{"taxonomy":"product_brand","embeddable":true,"href":"https:\/\/fornbiargi.se\/en\/wp-json\/wp\/v2\/product_brand?post=1237"},{"taxonomy":"product_cat","embeddable":true,"href":"https:\/\/fornbiargi.se\/en\/wp-json\/wp\/v2\/product_cat?post=1237"},{"taxonomy":"product_tag","embeddable":true,"href":"https:\/\/fornbiargi.se\/en\/wp-json\/wp\/v2\/product_tag?post=1237"}],"curies":[{"name":"wp","href":"https:\/\/api.w.org\/{rel}","templated":true}]}}