{"id":1234,"date":"2024-03-11T10:34:47","date_gmt":"2024-03-11T09:34:47","guid":{"rendered":"https:\/\/fornbiargi.se\/?post_type=product&#038;p=1234"},"modified":"2024-07-22T12:40:43","modified_gmt":"2024-07-22T10:40:43","slug":"snorskarare","status":"publish","type":"product","link":"https:\/\/fornbiargi.se\/en\/product\/snorskarare\/","title":{"rendered":"Leather lace cutter"},"content":{"rendered":"<p>Lace cutter to create the leather laces. 5 extra blades included.<\/p>\n<p>15.3 cm long. Diameter (widest) 2.25 cm. 25 grams.<\/p>","protected":false},"excerpt":{"rendered":"<p>Sn\u00f6rsk\u00e4rare f\u00f6r att skapa l\u00e4dersn\u00f6ren. 5 extra blad medf\u00f6ljer. 15,3 cm l\u00e5ng. Diameter som bredast 2.25 cm. 25 gram.<\/p>","protected":false},"featured_media":1235,"comment_status":"closed","ping_status":"closed","template":"","meta":[],"product_brand":[],"product_cat":[140,24],"product_tag":[],"class_list":{"0":"post-1234","1":"product","2":"type-product","3":"status-publish","4":"has-post-thumbnail","6":"product_cat-sale","7":"product_cat-cutting","9":"first","10":"instock","11":"sale","12":"taxable","13":"shipping-taxable","14":"purchasable","15":"product-type-simple"},"jetpack_sharing_enabled":true,"_links":{"self":[{"href":"https:\/\/fornbiargi.se\/en\/wp-json\/wp\/v2\/product\/1234","targetHints":{"allow":["GET"]}}],"collection":[{"href":"https:\/\/fornbiargi.se\/en\/wp-json\/wp\/v2\/product"}],"about":[{"href":"https:\/\/fornbiargi.se\/en\/wp-json\/wp\/v2\/types\/product"}],"replies":[{"embeddable":true,"href":"https:\/\/fornbiargi.se\/en\/wp-json\/wp\/v2\/comments?post=1234"}],"wp:featuredmedia":[{"embeddable":true,"href":"https:\/\/fornbiargi.se\/en\/wp-json\/wp\/v2\/media\/1235"}],"wp:attachment":[{"href":"https:\/\/fornbiargi.se\/en\/wp-json\/wp\/v2\/media?parent=1234"}],"wp:term":[{"taxonomy":"product_brand","embeddable":true,"href":"https:\/\/fornbiargi.se\/en\/wp-json\/wp\/v2\/product_brand?post=1234"},{"taxonomy":"product_cat","embeddable":true,"href":"https:\/\/fornbiargi.se\/en\/wp-json\/wp\/v2\/product_cat?post=1234"},{"taxonomy":"product_tag","embeddable":true,"href":"https:\/\/fornbiargi.se\/en\/wp-json\/wp\/v2\/product_tag?post=1234"}],"curies":[{"name":"wp","href":"https:\/\/api.w.org\/{rel}","templated":true}]}}