{"id":1231,"date":"2024-03-11T10:12:52","date_gmt":"2024-03-11T09:12:52","guid":{"rendered":"https:\/\/fornbiargi.se\/?post_type=product&#038;p=1231"},"modified":"2024-03-11T10:29:32","modified_gmt":"2024-03-11T09:29:32","slug":"ladersax","status":"publish","type":"product","link":"https:\/\/fornbiargi.se\/en\/product\/ladersax\/","title":{"rendered":"Leather scissors"},"content":{"rendered":"<p>Simple leather scissors for cutting thin leather. Comfortable to hold.<\/p>\n<p>18 x 9 cm. Blade length 5.5 cm. 83 grams.<\/p>","protected":false},"excerpt":{"rendered":"<p>Enkel l\u00e4dersax f\u00f6r att klippa tunt l\u00e4der och skinn med. Bekv\u00e4m att h\u00e5lla i. 18 x 9 cm. Bladl\u00e4ngd 5.5 cm. 83 gram.<\/p>","protected":false},"featured_media":1232,"comment_status":"closed","ping_status":"closed","template":"","meta":[],"product_brand":[],"product_cat":[140,24],"product_tag":[],"class_list":{"0":"post-1231","1":"product","2":"type-product","3":"status-publish","4":"has-post-thumbnail","6":"product_cat-sale","7":"product_cat-cutting","9":"first","10":"instock","11":"sale","12":"taxable","13":"shipping-taxable","14":"purchasable","15":"product-type-simple"},"jetpack_sharing_enabled":true,"_links":{"self":[{"href":"https:\/\/fornbiargi.se\/en\/wp-json\/wp\/v2\/product\/1231","targetHints":{"allow":["GET"]}}],"collection":[{"href":"https:\/\/fornbiargi.se\/en\/wp-json\/wp\/v2\/product"}],"about":[{"href":"https:\/\/fornbiargi.se\/en\/wp-json\/wp\/v2\/types\/product"}],"replies":[{"embeddable":true,"href":"https:\/\/fornbiargi.se\/en\/wp-json\/wp\/v2\/comments?post=1231"}],"wp:featuredmedia":[{"embeddable":true,"href":"https:\/\/fornbiargi.se\/en\/wp-json\/wp\/v2\/media\/1232"}],"wp:attachment":[{"href":"https:\/\/fornbiargi.se\/en\/wp-json\/wp\/v2\/media?parent=1231"}],"wp:term":[{"taxonomy":"product_brand","embeddable":true,"href":"https:\/\/fornbiargi.se\/en\/wp-json\/wp\/v2\/product_brand?post=1231"},{"taxonomy":"product_cat","embeddable":true,"href":"https:\/\/fornbiargi.se\/en\/wp-json\/wp\/v2\/product_cat?post=1231"},{"taxonomy":"product_tag","embeddable":true,"href":"https:\/\/fornbiargi.se\/en\/wp-json\/wp\/v2\/product_tag?post=1231"}],"curies":[{"name":"wp","href":"https:\/\/api.w.org\/{rel}","templated":true}]}}