{"id":1175,"date":"2024-03-09T17:46:42","date_gmt":"2024-03-09T16:46:42","guid":{"rendered":"https:\/\/fornbiargi.se\/?post_type=product&#038;p=1175"},"modified":"2026-03-31T21:14:54","modified_gmt":"2026-03-31T19:14:54","slug":"bladkniv","status":"publish","type":"product","link":"https:\/\/fornbiargi.se\/en\/product\/bladkniv\/","title":{"rendered":"Box cutter"},"content":{"rendered":"<p>Box cutter of a simple model with 3 included blades. Very affordable alternative to more expensive knives. Buy this if you are just starting out in leathercraft. Very sharp blades that can be easily replaced.<\/p>\n<p>Extra blades of regular shape are available <span class=\"fancy-underline\"><a href=\"https:\/\/fornbiargi.se\/en\/product\/extrablad\/\" rel=\"noopener\">here<\/a><\/span> in the shop.<\/p>\n<p>15.3 x 3.4 x 1.9 cm. 125 gram.<\/p>","protected":false},"excerpt":{"rendered":"<p>Bladkniv av enkel modell med 3 medf\u00f6ljande blad. Mycket prisv\u00e4rt alternativ till dyrare knivar. K\u00f6p denna om du precis har b\u00f6rjat med l\u00e4derhantverk. Mycket vassa blad som l\u00e4tt kan bytas ut. Extrablad av standardform finns att k\u00f6pa h\u00e4r i butiken. 15.3 x 3.4 x 1.9 cm. 125 gram.<\/p>","protected":false},"featured_media":2510,"comment_status":"closed","ping_status":"closed","template":"","meta":[],"product_brand":[],"product_cat":[24],"product_tag":[],"class_list":{"0":"post-1175","1":"product","2":"type-product","3":"status-publish","4":"has-post-thumbnail","6":"product_cat-cutting","8":"first","9":"instock","10":"taxable","11":"shipping-taxable","12":"purchasable","13":"product-type-simple"},"jetpack_sharing_enabled":true,"_links":{"self":[{"href":"https:\/\/fornbiargi.se\/en\/wp-json\/wp\/v2\/product\/1175","targetHints":{"allow":["GET"]}}],"collection":[{"href":"https:\/\/fornbiargi.se\/en\/wp-json\/wp\/v2\/product"}],"about":[{"href":"https:\/\/fornbiargi.se\/en\/wp-json\/wp\/v2\/types\/product"}],"replies":[{"embeddable":true,"href":"https:\/\/fornbiargi.se\/en\/wp-json\/wp\/v2\/comments?post=1175"}],"wp:featuredmedia":[{"embeddable":true,"href":"https:\/\/fornbiargi.se\/en\/wp-json\/wp\/v2\/media\/2510"}],"wp:attachment":[{"href":"https:\/\/fornbiargi.se\/en\/wp-json\/wp\/v2\/media?parent=1175"}],"wp:term":[{"taxonomy":"product_brand","embeddable":true,"href":"https:\/\/fornbiargi.se\/en\/wp-json\/wp\/v2\/product_brand?post=1175"},{"taxonomy":"product_cat","embeddable":true,"href":"https:\/\/fornbiargi.se\/en\/wp-json\/wp\/v2\/product_cat?post=1175"},{"taxonomy":"product_tag","embeddable":true,"href":"https:\/\/fornbiargi.se\/en\/wp-json\/wp\/v2\/product_tag?post=1175"}],"curies":[{"name":"wp","href":"https:\/\/api.w.org\/{rel}","templated":true}]}}