{"id":1163,"date":"2024-03-09T17:17:11","date_gmt":"2024-03-09T16:17:11","guid":{"rendered":"https:\/\/fornbiargi.se\/?post_type=product&#038;p=1163"},"modified":"2026-04-10T09:54:36","modified_gmt":"2026-04-10T07:54:36","slug":"halgaffel-fransk-modell","status":"publish","type":"product","link":"https:\/\/fornbiargi.se\/en\/product\/halgaffel-fransk-modell\/","title":{"rendered":"Pricking iron, French model"},"content":{"rendered":"<p>Our own pricking iron of an angled French model. Available in several sizes. Well polished and sharp. This type of hole punch is traditionally used to mark holes in leather; punch it almost through and finish with an awl.<\/p>\n<p>Pair consisting of one 2-tooth and one 10-tooth. Length 12 cm.<\/p>\n<p>Usually the pricking iron only needs a little stropping to get it sharp again.<\/p>","protected":false},"excerpt":{"rendered":"<p>V\u00e5r egna h\u00e5lgaffel av vinklad fransk modell. Finns i flera storlekar. V\u00e4lpolerad och vass. Denna typ av h\u00e5lgaffel anv\u00e4nds traditionellt sett f\u00f6r att markera h\u00e5l i l\u00e4der; sl\u00e5 den n\u00e4stan igenom och f\u00f6lj upp med en syl. Kommer i par med en 2-tandad och en 10-tandad. L\u00e4ngd 12 cm. Vanligtvis beh\u00f6ver h\u00e5lgaffeln endast lite strigling [&#8230;]\n","protected":false},"featured_media":2562,"comment_status":"closed","ping_status":"closed","template":"","meta":[],"product_brand":[],"product_cat":[84],"product_tag":[],"class_list":{"0":"post-1163","1":"product","2":"type-product","3":"status-publish","4":"has-post-thumbnail","6":"product_cat-hole-tools","8":"first","9":"instock","10":"featured","11":"taxable","12":"shipping-taxable","13":"purchasable","14":"product-type-variable"},"jetpack_sharing_enabled":true,"_links":{"self":[{"href":"https:\/\/fornbiargi.se\/en\/wp-json\/wp\/v2\/product\/1163","targetHints":{"allow":["GET"]}}],"collection":[{"href":"https:\/\/fornbiargi.se\/en\/wp-json\/wp\/v2\/product"}],"about":[{"href":"https:\/\/fornbiargi.se\/en\/wp-json\/wp\/v2\/types\/product"}],"replies":[{"embeddable":true,"href":"https:\/\/fornbiargi.se\/en\/wp-json\/wp\/v2\/comments?post=1163"}],"wp:featuredmedia":[{"embeddable":true,"href":"https:\/\/fornbiargi.se\/en\/wp-json\/wp\/v2\/media\/2562"}],"wp:attachment":[{"href":"https:\/\/fornbiargi.se\/en\/wp-json\/wp\/v2\/media?parent=1163"}],"wp:term":[{"taxonomy":"product_brand","embeddable":true,"href":"https:\/\/fornbiargi.se\/en\/wp-json\/wp\/v2\/product_brand?post=1163"},{"taxonomy":"product_cat","embeddable":true,"href":"https:\/\/fornbiargi.se\/en\/wp-json\/wp\/v2\/product_cat?post=1163"},{"taxonomy":"product_tag","embeddable":true,"href":"https:\/\/fornbiargi.se\/en\/wp-json\/wp\/v2\/product_tag?post=1163"}],"curies":[{"name":"wp","href":"https:\/\/api.w.org\/{rel}","templated":true}]}}