{"id":1148,"date":"2024-03-09T11:12:27","date_gmt":"2024-03-09T10:12:27","guid":{"rendered":"https:\/\/fornbiargi.se\/?post_type=product&#038;p=1148"},"modified":"2026-04-18T19:32:02","modified_gmt":"2026-04-18T17:32:02","slug":"rahudsklubba","status":"publish","type":"product","link":"https:\/\/fornbiargi.se\/en\/product\/rahudsklubba\/","title":{"rendered":"Rawhide round maul"},"content":{"rendered":"<p>Good rawhide maul with long durability. Nice leather handle. Well balanced. Hitting surface of rawhide and handle of leather, as well as stainless steel.<\/p>\n<p>Rawhide is durable and absorbs some of the blows so that the maul does not bounce off the tools.<\/p>\n<p>Available in two different sizes (it\u00b4s individual what fits each person):<\/p>\n<ul>\n<li>S is recommended for repetitive tooling and lighter hole punching.<\/li>\n<li>L is recommended for hole punching and stamps.<\/li>\n<\/ul>\n<p><em>(Small cracks may sometimes appear between the layers of rawhide; this does not affect the function of the tool.)<\/em><\/p>","protected":false},"excerpt":{"rendered":"<p>Bra r\u00e5hudsklubba med l\u00e5ng h\u00e5llbarhet. Sk\u00f6nt l\u00e4derhandtag. V\u00e4lbalanserad. Slagyta av r\u00e5hud och handtag av l\u00e4der, samt rostfritt st\u00e5l. R\u00e5hud \u00e4r h\u00e5llbart och d\u00e4mpar slagen n\u00e5got s\u00e5 att klubban inte studsar p\u00e5 verktygen. Finns i tv\u00e5 olika storlekar (det \u00e4r individuellt vad som passar var och en): S rekommenderas till upprepande punsning och l\u00e4ttare h\u00e5ltagning. L [&#8230;]\n","protected":false},"featured_media":2584,"comment_status":"closed","ping_status":"closed","template":"","meta":[],"product_brand":[],"product_cat":[78],"product_tag":[],"class_list":{"0":"post-1148","1":"product","2":"type-product","3":"status-publish","4":"has-post-thumbnail","6":"product_cat-punching-tools","8":"first","9":"instock","10":"featured","11":"taxable","12":"shipping-taxable","13":"purchasable","14":"product-type-variable"},"jetpack_sharing_enabled":true,"_links":{"self":[{"href":"https:\/\/fornbiargi.se\/en\/wp-json\/wp\/v2\/product\/1148","targetHints":{"allow":["GET"]}}],"collection":[{"href":"https:\/\/fornbiargi.se\/en\/wp-json\/wp\/v2\/product"}],"about":[{"href":"https:\/\/fornbiargi.se\/en\/wp-json\/wp\/v2\/types\/product"}],"replies":[{"embeddable":true,"href":"https:\/\/fornbiargi.se\/en\/wp-json\/wp\/v2\/comments?post=1148"}],"wp:featuredmedia":[{"embeddable":true,"href":"https:\/\/fornbiargi.se\/en\/wp-json\/wp\/v2\/media\/2584"}],"wp:attachment":[{"href":"https:\/\/fornbiargi.se\/en\/wp-json\/wp\/v2\/media?parent=1148"}],"wp:term":[{"taxonomy":"product_brand","embeddable":true,"href":"https:\/\/fornbiargi.se\/en\/wp-json\/wp\/v2\/product_brand?post=1148"},{"taxonomy":"product_cat","embeddable":true,"href":"https:\/\/fornbiargi.se\/en\/wp-json\/wp\/v2\/product_cat?post=1148"},{"taxonomy":"product_tag","embeddable":true,"href":"https:\/\/fornbiargi.se\/en\/wp-json\/wp\/v2\/product_tag?post=1148"}],"curies":[{"name":"wp","href":"https:\/\/api.w.org\/{rel}","templated":true}]}}